{"id":1851,"date":"2023-06-20T11:43:22","date_gmt":"2023-06-20T15:43:22","guid":{"rendered":"https:\/\/ofpc-cpao.ca\/ou-se-trouve-lemprise-dans-votre-quartier\/"},"modified":"2026-04-16T15:57:14","modified_gmt":"2026-04-16T19:57:14","slug":"ou-se-trouve-lemprise-dans-votre-quartier","status":"publish","type":"page","link":"https:\/\/ofpc-cpao.ca\/fr\/ou-se-trouve-lemprise-dans-votre-quartier\/","title":{"rendered":"O\u00f9 se trouve l&#8217;emprise dans votre quartier ?"},"content":{"rendered":"\t\t<div data-elementor-type=\"wp-page\" data-elementor-id=\"1851\" class=\"elementor elementor-1851 elementor-1290\" data-elementor-post-type=\"page\">\n\t\t\t\t<div class=\"elementor-element elementor-element-bc26e37 e-flex e-con-boxed e-con e-parent\" data-id=\"bc26e37\" data-element_type=\"container\" data-e-type=\"container\">\n\t\t\t\t\t<div class=\"e-con-inner\">\n\t\t\t\t<div class=\"elementor-element elementor-element-109da37 elementor-widget elementor-widget-text-editor\" data-id=\"109da37\" data-element_type=\"widget\" data-e-type=\"widget\" data-widget_type=\"text-editor.default\">\n\t\t\t\t\t\t\t\t\t<h2>O\u00f9 se trouve l&#8217;emprise dans votre quartier ?<\/h2><p> <\/p><p>*La Ville d&rsquo;Ottawa ne r\u00e9glemente pas les limites de propri\u00e9t\u00e9, celles-ci sont g\u00e9r\u00e9es par la province.<br>Pour d\u00e9terminer l&#8217;emplacement de la limite de lot d&rsquo;une propri\u00e9t\u00e9, consultez une copie d&rsquo;un plan d&rsquo;arpentage enregistr\u00e9 de la propri\u00e9t\u00e9. L&rsquo;\u00e9tendue exacte de l&#8217;emprise de la Ville peut \u00eatre d\u00e9termin\u00e9e \u00e0 l&rsquo;aide d&rsquo;un plan d&rsquo;arpentage, et le programme G\u00e9oOttawa de la Ville peut fournir un guide approximatif. <span style=\"text-decoration: underline;\"><strong>le programme G\u00e9oOttawa de la Ville peut fournir une indication<\/strong><\/span> l&rsquo;\u00e9tendue exacte de l&#8217;emprise.<\/p>\t\t\t\t\t\t\t\t<\/div>\n\t\t\t\t<div class=\"elementor-element elementor-element-2527ea3 elementor-widget elementor-widget-text-editor\" data-id=\"2527ea3\" data-element_type=\"widget\" data-e-type=\"widget\" data-widget_type=\"text-editor.default\">\n\t\t\t\t\t\t\t\t\t<p>GLEBE<\/p><p><a href=\"https:\/\/ofpc-cpao.ca\/wp-content\/uploads\/2023\/06\/row-glebe.jpg\"><img fetchpriority=\"high\" decoding=\"async\" class=\"alignnone size-full wp-image-1293\" src=\"https:\/\/ofpc-cpao.ca\/wp-content\/uploads\/2023\/06\/row-glebe.jpg\" alt=\"rang\u00e9e-gl\u00e8be\" width=\"1999\" height=\"1221\" srcset=\"https:\/\/ofpc-cpao.ca\/wp-content\/uploads\/2023\/06\/row-glebe.jpg 1999w, https:\/\/ofpc-cpao.ca\/wp-content\/uploads\/2023\/06\/row-glebe-300x183.jpg 300w, https:\/\/ofpc-cpao.ca\/wp-content\/uploads\/2023\/06\/row-glebe-1024x625.jpg 1024w, https:\/\/ofpc-cpao.ca\/wp-content\/uploads\/2023\/06\/row-glebe-768x469.jpg 768w, https:\/\/ofpc-cpao.ca\/wp-content\/uploads\/2023\/06\/row-glebe-1536x938.jpg 1536w\" sizes=\"(max-width: 1999px) 100vw, 1999px\" \/><\/a><\/p><p> <\/p><p>SANDY HILL<\/p><p><a href=\"https:\/\/ofpc-cpao.ca\/wp-content\/uploads\/2023\/06\/row-sandy-hill.jpg\"><img decoding=\"async\" class=\"alignnone size-full wp-image-1294\" src=\"https:\/\/ofpc-cpao.ca\/wp-content\/uploads\/2023\/06\/row-sandy-hill.jpg\" alt=\"rang\u00e9e-sandy-hill\" width=\"1999\" height=\"1219\" srcset=\"https:\/\/ofpc-cpao.ca\/wp-content\/uploads\/2023\/06\/row-sandy-hill.jpg 1999w, https:\/\/ofpc-cpao.ca\/wp-content\/uploads\/2023\/06\/row-sandy-hill-300x183.jpg 300w, https:\/\/ofpc-cpao.ca\/wp-content\/uploads\/2023\/06\/row-sandy-hill-1024x624.jpg 1024w, https:\/\/ofpc-cpao.ca\/wp-content\/uploads\/2023\/06\/row-sandy-hill-768x468.jpg 768w, https:\/\/ofpc-cpao.ca\/wp-content\/uploads\/2023\/06\/row-sandy-hill-1536x937.jpg 1536w\" sizes=\"(max-width: 1999px) 100vw, 1999px\" \/><\/a><\/p><p> <\/p><p>CENTRETOWN<\/p><p><a href=\"https:\/\/ofpc-cpao.ca\/wp-content\/uploads\/2023\/06\/row-centretown.jpg\"><img decoding=\"async\" class=\"alignnone size-full wp-image-1295\" src=\"https:\/\/ofpc-cpao.ca\/wp-content\/uploads\/2023\/06\/row-centretown.jpg\" alt=\"rang\u00e9e-centre-ville\" width=\"1999\" height=\"1211\" srcset=\"https:\/\/ofpc-cpao.ca\/wp-content\/uploads\/2023\/06\/row-centretown.jpg 1999w, https:\/\/ofpc-cpao.ca\/wp-content\/uploads\/2023\/06\/row-centretown-300x182.jpg 300w, https:\/\/ofpc-cpao.ca\/wp-content\/uploads\/2023\/06\/row-centretown-1024x620.jpg 1024w, https:\/\/ofpc-cpao.ca\/wp-content\/uploads\/2023\/06\/row-centretown-768x465.jpg 768w, https:\/\/ofpc-cpao.ca\/wp-content\/uploads\/2023\/06\/row-centretown-1536x931.jpg 1536w\" sizes=\"(max-width: 1999px) 100vw, 1999px\" \/><\/a><\/p><p> <\/p><p>VANIER<\/p><p><a href=\"https:\/\/ofpc-cpao.ca\/wp-content\/uploads\/2023\/06\/row-vanier.jpg\"><img loading=\"lazy\" decoding=\"async\" class=\"alignnone size-full wp-image-1296\" src=\"https:\/\/ofpc-cpao.ca\/wp-content\/uploads\/2023\/06\/row-vanier.jpg\" alt=\"rang\u00e9e-vanier\" width=\"1999\" height=\"1207\" srcset=\"https:\/\/ofpc-cpao.ca\/wp-content\/uploads\/2023\/06\/row-vanier.jpg 1999w, https:\/\/ofpc-cpao.ca\/wp-content\/uploads\/2023\/06\/row-vanier-300x181.jpg 300w, https:\/\/ofpc-cpao.ca\/wp-content\/uploads\/2023\/06\/row-vanier-1024x618.jpg 1024w, https:\/\/ofpc-cpao.ca\/wp-content\/uploads\/2023\/06\/row-vanier-768x464.jpg 768w, https:\/\/ofpc-cpao.ca\/wp-content\/uploads\/2023\/06\/row-vanier-1536x927.jpg 1536w\" sizes=\"(max-width: 1999px) 100vw, 1999px\" \/><\/a><\/p><p> <\/p><p>WESTBORO<\/p><p><a href=\"https:\/\/ofpc-cpao.ca\/wp-content\/uploads\/2023\/06\/row-westboro.jpg\"><img loading=\"lazy\" decoding=\"async\" class=\"alignnone size-full wp-image-1297\" src=\"https:\/\/ofpc-cpao.ca\/wp-content\/uploads\/2023\/06\/row-westboro.jpg\" alt=\"rang\u00e9e-westboro\" width=\"1999\" height=\"1223\"><\/a><\/p><p> <\/p><p>NEPEAN<\/p><p><a href=\"https:\/\/ofpc-cpao.ca\/wp-content\/uploads\/2023\/06\/row-nepean.jpg\"><img loading=\"lazy\" decoding=\"async\" class=\"alignnone size-full wp-image-1298\" src=\"https:\/\/ofpc-cpao.ca\/wp-content\/uploads\/2023\/06\/row-nepean.jpg\" alt=\"row-nepean\" width=\"1999\" height=\"1215\"><\/a><\/p><p> <\/p><p>HAMEAU DE BLACKBURN<\/p><p><a href=\"https:\/\/ofpc-cpao.ca\/wp-content\/uploads\/2023\/06\/row-blackburn-hamlet.jpg\"><img loading=\"lazy\" decoding=\"async\" class=\"alignnone size-full wp-image-1299\" src=\"https:\/\/ofpc-cpao.ca\/wp-content\/uploads\/2023\/06\/row-blackburn-hamlet.jpg\" alt=\"row-blackburn-hamlet\" width=\"1999\" height=\"1208\"><\/a><\/p>\t\t\t\t\t\t\t\t<\/div>\n\t\t\t\t\t<\/div>\n\t\t\t\t<\/div>\n\t\t\t\t<\/div>\n\t\t","protected":false},"excerpt":{"rendered":"<p>O\u00f9 se trouve l&#8217;emprise dans votre quartier ? *La Ville d&rsquo;Ottawa ne r\u00e9glemente pas les limites de propri\u00e9t\u00e9, celles-ci sont g\u00e9r\u00e9es par la province.Pour d\u00e9terminer l&#8217;emplacement de la limite de lot d&rsquo;une propri\u00e9t\u00e9, consultez une copie d&rsquo;un plan d&rsquo;arpentage enregistr\u00e9 de la propri\u00e9t\u00e9. L&rsquo;\u00e9tendue exacte de l&#8217;emprise de la Ville peut \u00eatre d\u00e9termin\u00e9e \u00e0 l&rsquo;aide [&hellip;]<\/p>\n","protected":false},"author":1,"featured_media":0,"parent":0,"menu_order":0,"comment_status":"closed","ping_status":"closed","template":"","meta":{"footnotes":""},"class_list":["post-1851","page","type-page","status-publish","hentry"],"_links":{"self":[{"href":"https:\/\/ofpc-cpao.ca\/fr\/wp-json\/wp\/v2\/pages\/1851","targetHints":{"allow":["GET"]}}],"collection":[{"href":"https:\/\/ofpc-cpao.ca\/fr\/wp-json\/wp\/v2\/pages"}],"about":[{"href":"https:\/\/ofpc-cpao.ca\/fr\/wp-json\/wp\/v2\/types\/page"}],"author":[{"embeddable":true,"href":"https:\/\/ofpc-cpao.ca\/fr\/wp-json\/wp\/v2\/users\/1"}],"replies":[{"embeddable":true,"href":"https:\/\/ofpc-cpao.ca\/fr\/wp-json\/wp\/v2\/comments?post=1851"}],"version-history":[{"count":1,"href":"https:\/\/ofpc-cpao.ca\/fr\/wp-json\/wp\/v2\/pages\/1851\/revisions"}],"predecessor-version":[{"id":1852,"href":"https:\/\/ofpc-cpao.ca\/fr\/wp-json\/wp\/v2\/pages\/1851\/revisions\/1852"}],"wp:attachment":[{"href":"https:\/\/ofpc-cpao.ca\/fr\/wp-json\/wp\/v2\/media?parent=1851"}],"curies":[{"name":"wp","href":"https:\/\/api.w.org\/{rel}","templated":true}]}}