{"id":1719,"date":"2022-08-05T16:47:50","date_gmt":"2022-08-05T20:47:50","guid":{"rendered":"https:\/\/ofpc-cpao.ca\/conseil-des-politiques-alimentaires-dottawa\/"},"modified":"2026-04-16T15:53:37","modified_gmt":"2026-04-16T19:53:37","slug":"conseil-des-politiques-alimentaires-dottawa","status":"publish","type":"page","link":"https:\/\/ofpc-cpao.ca\/fr\/conseil-des-politiques-alimentaires-dottawa\/","title":{"rendered":"Conseil des politiques alimentaires d&rsquo;Ottawa"},"content":{"rendered":"\t\t<div data-elementor-type=\"wp-page\" data-elementor-id=\"1719\" class=\"elementor elementor-1719 elementor-988\" data-elementor-post-type=\"page\">\n\t\t\t\t<div class=\"elementor-element elementor-element-3fde7f34 e-flex e-con-boxed e-con e-parent\" data-id=\"3fde7f34\" data-element_type=\"container\" data-e-type=\"container\">\n\t\t\t\t\t<div class=\"e-con-inner\">\n\t\t\t\t<div class=\"elementor-element elementor-element-3f2139c7 elementor-widget elementor-widget-text-editor\" data-id=\"3f2139c7\" data-element_type=\"widget\" data-e-type=\"widget\" data-widget_type=\"text-editor.default\">\n\t\t\t\t\t\t\t\t\t\n<div class=\"wp-block-group\">\n<p class=\"has-medium-font-size\"><strong>Les jeunes pour un meilleur syst\u00e8me alimentaire : Plaidoyer pour la justice alimentaire \u00e0 Ottawa<\/strong><\/p>\n\n<p class=\"has-medium-font-size\"><strong>Inscription <a href=\"https:\/\/bit.ly\/3Qiv4IO\" target=\"_blank\" rel=\"noopener noreferrer nofollow\">: https:\/\/bit.ly\/3Qiv4IO<\/a> <\/strong><\/p>\n\n<p><strong>Organis\u00e9 par :<\/strong> Alimentation Juste, Conseil des politiques alimentaires d&rsquo;Ottawa et l&rsquo;Atelier d&rsquo;innovation sociale Mauril-B\u00e9langer  <\/p>\n\n<p><strong>Date et heure :<\/strong> 17 ao\u00fbt de 18h30 \u00e0 19h30<\/p>\n\n<p><strong>D\u00e9finition de la jeunesse pour cette activit\u00e9 :<\/strong> 15-30 ans<\/p>\n\n<p><strong>O\u00f9 ?<\/strong> Sur Zoom, le lien vous sera fourni lors de votre inscription.<\/p>\n\n<p><strong>Langue :<\/strong> Anglais avec interpr\u00e9tation simultan\u00e9e en fran\u00e7ais et options de discussion en fran\u00e7ais et en anglais.<\/p>\n<\/div>\n\n<p><strong>Description de l&rsquo;\u00e9v\u00e9nement :<\/strong><\/p>\n\n<p>Cet \u00e9v\u00e9nement virtuel r\u00e9unira des jeunes de l&rsquo;ensemble du territoire algonquin Anishinabe non c\u00e9d\u00e9, connu par les colons sous le nom d&rsquo;Ottawa, afin d&rsquo;explorer comment nous pouvons collectivement d\u00e9fendre la justice alimentaire et de meilleures politiques alimentaires pour tous les r\u00e9sidents de la ville. Nous entendrons des intervenants qui m\u00e8nent des travaux aux intersections de l&rsquo;alimentation, du changement climatique, de l&rsquo;agriculture et des moyens de subsistance, et qui nous expliqueront comment ils mettent en \u0153uvre des changements au niveau municipal. Ces pr\u00e9sentations seront suivies de sessions de brainstorming, dans le but d&rsquo;initier un agenda pour le plaidoyer alimentaire des jeunes, et de poser les bases d&rsquo;un nouveau Conseil des politiques alimentaires d&rsquo;Ottawa, \u00e0 la fois ind\u00e9pendant et connect\u00e9 au Conseil des politiques alimentaires d&rsquo;Ottawa existant.  <\/p>\n\n<p>Venez vous joindre \u00e0 nous et partagez votre vision d&rsquo;un meilleur syst\u00e8me alimentaire pour Ottawa !  <\/p>\n\n<p><strong>Haut-parleurs<\/strong><\/p>\n\n<figure class=\"wp-block-image alignleft size-large is-resized\"><a href=\"https:\/\/ofpc-cpao.ca\/wp-content\/uploads\/2022\/08\/0242.jpg\"><img fetchpriority=\"high\" decoding=\"async\" class=\"wp-image-1000\" src=\"https:\/\/ofpc-cpao.ca\/wp-content\/uploads\/2022\/08\/0242-683x1024.jpg\" alt=\"\" width=\"263\" height=\"394\" srcset=\"https:\/\/ofpc-cpao.ca\/wp-content\/uploads\/2022\/08\/0242-683x1024.jpg 683w, https:\/\/ofpc-cpao.ca\/wp-content\/uploads\/2022\/08\/0242-200x300.jpg 200w, https:\/\/ofpc-cpao.ca\/wp-content\/uploads\/2022\/08\/0242-768x1152.jpg 768w, https:\/\/ofpc-cpao.ca\/wp-content\/uploads\/2022\/08\/0242-1024x1536.jpg 1024w, https:\/\/ofpc-cpao.ca\/wp-content\/uploads\/2022\/08\/0242.jpg 1365w\" sizes=\"(max-width: 263px) 100vw, 263px\" \/><\/a><\/figure>\n\n<p><strong>Nika Moeini<\/strong><strong>(elle\/il)<\/strong><\/p>\n\n<p><strong>Titre :<\/strong> Organisateur, Youth Climate Save Canada<\/p>\n\n<p>Nika Moeini est une activiste, une auteure et une analyste politique qui travaille \u00e0 l&rsquo;intersection du changement climatique et des syst\u00e8mes alimentaires. Elle est l&rsquo;organisatrice de Youth Climate Save Canada, un groupe dirig\u00e9 par des jeunes \u00e0 l&rsquo;intersection de l&rsquo;alimentation et du climat, avec un accent particulier sur l&rsquo;agriculture animale. Nika est une jeune ambassadrice du Plant Based Treaty, un mouvement mondial de base visant \u00e0 passer \u00e0 des syst\u00e8mes alimentaires durables et plus sains. Elle travaille \u00e0 temps plein pour Environnement et Changement climatique Canada en tant qu&rsquo;analyste des politiques sur la r\u00e9glementation des effluents des mines de charbon. Nika participe aux activit\u00e9s de Toronto Global Shapers, de Re-Generation (anciennement le Conseil canadien des jeunes entrepreneurs pour le d\u00e9veloppement durable), de l&rsquo;\u00e9tiquetage climatique Lighter Foodprint, de la campagne Food@COP et du Veg Climate Network.    <\/p>\n\n<div class=\"wp-block-spacer\" style=\"height: 50px;\" aria-hidden=\"true\"> <\/div>\n\n<figure class=\"wp-block-image alignleft size-large is-resized\"><a href=\"https:\/\/ofpc-cpao.ca\/wp-content\/uploads\/2022\/08\/20220525_175710-01.jpeg\"><img decoding=\"async\" class=\"wp-image-1001\" src=\"https:\/\/ofpc-cpao.ca\/wp-content\/uploads\/2022\/08\/20220525_175710-01-1024x1024.jpeg\" alt=\"\" width=\"266\" height=\"266\" srcset=\"https:\/\/ofpc-cpao.ca\/wp-content\/uploads\/2022\/08\/20220525_175710-01-1024x1024.jpeg 1024w, https:\/\/ofpc-cpao.ca\/wp-content\/uploads\/2022\/08\/20220525_175710-01-300x300.jpeg 300w, https:\/\/ofpc-cpao.ca\/wp-content\/uploads\/2022\/08\/20220525_175710-01-150x150.jpeg 150w, https:\/\/ofpc-cpao.ca\/wp-content\/uploads\/2022\/08\/20220525_175710-01-768x768.jpeg 768w, https:\/\/ofpc-cpao.ca\/wp-content\/uploads\/2022\/08\/20220525_175710-01.jpeg 1468w\" sizes=\"(max-width: 266px) 100vw, 266px\" \/><\/a><\/figure>\n\n<p><strong>Rav (elle\/il)<\/strong><\/p>\n\n<p><strong>Titre :<\/strong> Fondateur et agriculteur de Shade of Miti et ancien copr\u00e9sident du caucus des jeunes pour la s\u00e9curit\u00e9 alimentaire au Canada<\/p>\n\n<p>Rav est une nouvelle et jeune agricultrice de Mississauga, en Ontario. Elle a fond\u00e9 Shade of Miti, une organisation de justice alimentaire et climatique. Rav loue un terrain \u00e0 Caledon, en Ontario, o\u00f9 elle se sp\u00e9cialise dans la culture de l\u00e9gumes sud-asiatiques tels que le melon amer, le gombo, le fenugrec et les aubergines.    <\/p>\n\n<div class=\"wp-block-spacer\" style=\"height: 50px;\" aria-hidden=\"true\"> <\/div>\n\n<figure class=\"wp-block-image alignleft size-full is-resized\"><a href=\"https:\/\/ofpc-cpao.ca\/wp-content\/uploads\/2022\/08\/Fruit1_11.png\"><img decoding=\"async\" class=\"wp-image-1002\" src=\"https:\/\/ofpc-cpao.ca\/wp-content\/uploads\/2022\/08\/Fruit1_11.png\" alt=\"\" width=\"269\" height=\"365\" srcset=\"https:\/\/ofpc-cpao.ca\/wp-content\/uploads\/2022\/08\/Fruit1_11.png 278w, https:\/\/ofpc-cpao.ca\/wp-content\/uploads\/2022\/08\/Fruit1_11-221x300.png 221w\" sizes=\"(max-width: 269px) 100vw, 269px\" \/><\/a><\/figure>\n\n<p><strong>Rossen Lee (elle\/il)  <\/strong><\/p>\n\n<p><strong>Titre :<\/strong> Co-responsable du r\u00e9seautage au Toronto Youth Food Policy Council  <\/p>\n\n<p>Rossen est une militante de la s\u00e9curit\u00e9 alimentaire et une chercheuse sociale originaire d&rsquo;Attiwandaronia\/Hamilton, en Ontario. Elle a d\u00e9m\u00e9nag\u00e9 \u00e0 Tkaranto\/Toronto \u00e0 la recherche d&rsquo;une \u00e9ducation, d&rsquo;une carri\u00e8re et d&rsquo;aventures jeunes. Fille de la ville de part en part, Rossen est amoureuse de la beaut\u00e9, des gens et du potentiel qui, elle en est certaine, existe r\u00e9ellement \u00e0 Toronto. Elle s&rsquo;int\u00e9resse notamment \u00e0 l&rsquo;autonomisation des jeunes, \u00e0 la mise en place d&rsquo;un syst\u00e8me de revenu de base universel et au renforcement des liens sociaux au sein des communaut\u00e9s. F\u00e9rue d&rsquo;\u00e9ducation, Rossen esp\u00e8re encourager les autres \u00e0 faire preuve d&rsquo;une tendresse r\u00e9siliente.    <\/p>\n\n<div class=\"wp-block-spacer\" style=\"height: 50px;\" aria-hidden=\"true\"> <\/div>\n\n<p><strong>Facilitateurs<\/strong><\/p>\n\n<figure class=\"wp-block-image alignleft size-large is-resized\"><img loading=\"lazy\" decoding=\"async\" class=\"alignnone wp-image-998 size-medium\" src=\"https:\/\/ofpc-cpao.ca\/wp-content\/uploads\/2022\/08\/IMG_4965-scaled-1-225x300.jpeg\" alt=\"\" width=\"225\" height=\"300\" srcset=\"https:\/\/ofpc-cpao.ca\/wp-content\/uploads\/2022\/08\/IMG_4965-scaled-1-225x300.jpeg 225w, https:\/\/ofpc-cpao.ca\/wp-content\/uploads\/2022\/08\/IMG_4965-scaled-1-768x1024.jpeg 768w, https:\/\/ofpc-cpao.ca\/wp-content\/uploads\/2022\/08\/IMG_4965-scaled-1-1152x1536.jpeg 1152w, https:\/\/ofpc-cpao.ca\/wp-content\/uploads\/2022\/08\/IMG_4965-scaled-1-1536x2048.jpeg 1536w, https:\/\/ofpc-cpao.ca\/wp-content\/uploads\/2022\/08\/IMG_4965-scaled-1.jpeg 1920w\" sizes=\"(max-width: 225px) 100vw, 225px\" \/><\/figure>\n\n<p><strong>Carly Hayes (elle\/il)<\/strong><\/p>\n\n<p><strong>Titre : <\/strong>Membre du Conseil des politiques alimentaires d&rsquo;Ottawa  <\/p>\n\n<p>Carly Hayes est analyste des politiques alimentaires d&rsquo;Ottawa, membre du Conseil des politiques alimentaires d&rsquo;Ottawa et anciennement responsable de la recherche et de l&rsquo;\u00e9ducation pour le Food Secure Canada Youth Caucus. Originaire de la r\u00e9gion agricole de Kawartha Lakes, en Ontario, elle a d\u00e9couvert son int\u00e9r\u00eat et sa passion pour la justice alimentaire au cours de sa ma\u00eetrise en politique alimentaire internationale et en s\u00e9curit\u00e9 alimentaire. Depuis, elle a men\u00e9 deux projets internationaux de recherche sur l&rsquo;alimentation et coordonn\u00e9 des consultations internationales sur l&rsquo;agriculture durable. Elle a \u00e9galement d\u00e9velopp\u00e9 et produit un podcast pour le Food Secure Canada Youth Caucus, explorant les questions \u00e0 l&rsquo;intersection de l&rsquo;alimentation et de la jeunesse \u00e0 travers le pays. Carly est r\u00e9cipiendaire de la bourse Community Changemakers&rsquo; de 880 Cities, qu&rsquo;elle utilise pour soutenir le travail pr\u00e9paratoire \u00e0 la cr\u00e9ation d&rsquo;un Conseil des politiques alimentaires d&rsquo;Ottawa pour les jeunes.     <\/p>\n\n<div class=\"wp-block-spacer\" style=\"height: 50px;\" aria-hidden=\"true\"> <\/div>\n\n<figure class=\"wp-block-image alignleft size-large is-resized\"><a href=\"https:\/\/ofpc-cpao.ca\/wp-content\/uploads\/2022\/08\/DSC_0325_edited_50.jpg\"><img loading=\"lazy\" decoding=\"async\" class=\"wp-image-1004\" src=\"https:\/\/ofpc-cpao.ca\/wp-content\/uploads\/2022\/08\/DSC_0325_edited_50-683x1024.jpg\" alt=\"\" width=\"280\" height=\"418\"><\/a><\/figure>\n\n<p><strong>Am\u00e9lie Neault (elle\/il)  <\/strong><\/p>\n\n<p>Am\u00e9lie Neault est la coordinatrice administrative de l&rsquo;Atelier (Social Innovation Workshop), une organisation \u00e0 but non lucratif bas\u00e9e \u00e0 Ottawa et un espace bilingue inclusif pour la collaboration, la formation, le partage des connaissances et le soutien aux innovations sociales. Elle est titulaire d&rsquo;un master en agro\u00e9cologie et s&rsquo;int\u00e9resse plus particuli\u00e8rement aux syst\u00e8mes alimentaires durables et justes pour tous. Elle a travaill\u00e9 tout au long de la cha\u00eene d&rsquo;approvisionnement alimentaire, ce qui lui a permis d&rsquo;\u00e9largir sa perspective et sa compr\u00e9hension des diff\u00e9rentes sous-parties qui cr\u00e9ent les syst\u00e8mes alimentaires.  <\/p>\n\t\t\t\t\t\t\t\t<\/div>\n\t\t\t\t\t<\/div>\n\t\t\t\t<\/div>\n\t\t\t\t<\/div>\n\t\t","protected":false},"excerpt":{"rendered":"<p>Les jeunes pour un meilleur syst\u00e8me alimentaire : Plaidoyer pour la justice alimentaire \u00e0 Ottawa Inscription : https:\/\/bit.ly\/3Qiv4IO Organis\u00e9 par : Alimentation Juste, Conseil des politiques alimentaires d&rsquo;Ottawa et l&rsquo;Atelier d&rsquo;innovation sociale Mauril-B\u00e9langer Date et heure : 17 ao\u00fbt de 18h30 \u00e0 19h30 D\u00e9finition de la jeunesse pour cette activit\u00e9 : 15-30 ans O\u00f9 ? [&hellip;]<\/p>\n","protected":false},"author":1,"featured_media":0,"parent":0,"menu_order":0,"comment_status":"closed","ping_status":"closed","template":"","meta":{"footnotes":""},"class_list":["post-1719","page","type-page","status-publish","hentry"],"_links":{"self":[{"href":"https:\/\/ofpc-cpao.ca\/fr\/wp-json\/wp\/v2\/pages\/1719","targetHints":{"allow":["GET"]}}],"collection":[{"href":"https:\/\/ofpc-cpao.ca\/fr\/wp-json\/wp\/v2\/pages"}],"about":[{"href":"https:\/\/ofpc-cpao.ca\/fr\/wp-json\/wp\/v2\/types\/page"}],"author":[{"embeddable":true,"href":"https:\/\/ofpc-cpao.ca\/fr\/wp-json\/wp\/v2\/users\/1"}],"replies":[{"embeddable":true,"href":"https:\/\/ofpc-cpao.ca\/fr\/wp-json\/wp\/v2\/comments?post=1719"}],"version-history":[{"count":1,"href":"https:\/\/ofpc-cpao.ca\/fr\/wp-json\/wp\/v2\/pages\/1719\/revisions"}],"predecessor-version":[{"id":1720,"href":"https:\/\/ofpc-cpao.ca\/fr\/wp-json\/wp\/v2\/pages\/1719\/revisions\/1720"}],"wp:attachment":[{"href":"https:\/\/ofpc-cpao.ca\/fr\/wp-json\/wp\/v2\/media?parent=1719"}],"curies":[{"name":"wp","href":"https:\/\/api.w.org\/{rel}","templated":true}]}}