{"id":1686,"date":"2018-02-26T14:20:36","date_gmt":"2018-02-26T19:20:36","guid":{"rendered":"https:\/\/ofpc-cpao.ca\/les-membres\/"},"modified":"2026-04-16T15:51:56","modified_gmt":"2026-04-16T19:51:56","slug":"les-membres","status":"publish","type":"page","link":"https:\/\/ofpc-cpao.ca\/fr\/les-membres\/","title":{"rendered":"Les membres"},"content":{"rendered":"\n<h2 class=\"wp-block-heading\"><strong><span style=\"color: #d1ab11\">Membres du Conseil des politiques alimentaires d&rsquo;Ottawa<\/span> <\/strong><\/h2>\n\n<div style=\"height:50px\" aria-hidden=\"true\" class=\"wp-block-spacer\"><\/div>\n\n<h3 class=\"has-text-align-left wp-block-heading\"><strong>Chris Evans<\/strong><\/h3>\n\n<h5 class=\"has-text-align-left wp-block-heading\">Analyste politique<figure><a href=\"http:\/\/ofpc-cpao.ca\/wp-content\/uploads\/2018\/02\/OFPC-Bio-Chris-Evans.jpg\" target=\"_blank\" rel=\"noopener noreferrer nofollow\"><img fetchpriority=\"high\" decoding=\"async\" class=\"size-medium wp-image-479 alignright\" src=\"http:\/\/ofpc-cpao.ca\/wp-content\/uploads\/2018\/02\/OFPC-Bio-Chris-Evans-236x300.jpg\" alt=\"Chris Evans\" width=\"236\" height=\"300\" srcset=\"https:\/\/ofpc-cpao.ca\/wp-content\/uploads\/2018\/02\/OFPC-Bio-Chris-Evans-236x300.jpg 236w, https:\/\/ofpc-cpao.ca\/wp-content\/uploads\/2018\/02\/OFPC-Bio-Chris-Evans-805x1024.jpg 805w, https:\/\/ofpc-cpao.ca\/wp-content\/uploads\/2018\/02\/OFPC-Bio-Chris-Evans-768x978.jpg 768w, https:\/\/ofpc-cpao.ca\/wp-content\/uploads\/2018\/02\/OFPC-Bio-Chris-Evans-1207x1536.jpg 1207w, https:\/\/ofpc-cpao.ca\/wp-content\/uploads\/2018\/02\/OFPC-Bio-Chris-Evans.jpg 1525w\" sizes=\"(max-width: 236px) 100vw, 236px\" \/><\/a><\/figure><\/h5>\n\n<p><span style=\"font-weight: 400\">Chris est activement impliqu\u00e9 dans le secteur agricole depuis son enfance. Il a grandi sur une ferme dans le comt\u00e9 de Pontiac, \u00e0 environ 1,5 heure d&rsquo;Ottawa. Chris a cultiv\u00e9 du houblon et a particip\u00e9 \u00e0 la gestion des op\u00e9rations agricoles, notamment en s&rsquo;occupant d&rsquo;un petit troupeau de vaches Angus. Il conserve un lien \u00e9troit avec la terre, m\u00eame s&rsquo;il vit maintenant dans la ville d&rsquo;Ottawa avec sa jeune famille. Chris a l&rsquo;habitude de travailler avec des entreprises locales et s&rsquo;int\u00e9resse aux partenariats et aux possibilit\u00e9s de collaboration visant \u00e0 soutenir la communaut\u00e9, l&rsquo;\u00e9conomie r\u00e9gionale et les syst\u00e8mes alimentaires, ainsi qu&rsquo;\u00e0 rapprocher les gens des aliments qu&rsquo;ils consomment et des exploitations agricoles qui les produisent. Chris a une formation en politique et est titulaire d&rsquo;un dipl\u00f4me conjoint de l&rsquo;universit\u00e9 Trent en \u00e9tudes de l&rsquo;environnement et des ressources et en g\u00e9ographie, avec une sp\u00e9cialisation en politique, en politique et en droit.     <\/span><\/p>\n\n<hr class=\"wp-block-separator is-style-dots\" \/>\n\n<h3 class=\"wp-block-heading\"><strong>Jill Guerra<\/strong><\/h3>\n\n<h5 class=\"wp-block-heading\">M.A., Ressources, environnement et durabilit\u00e9<figure><a href=\"http:\/\/ofpc-cpao.ca\/wp-content\/uploads\/2019\/06\/headshot.jpeg\" target=\"_blank\" rel=\"noopener noreferrer nofollow\"><img decoding=\"async\" class=\"size-medium wp-image-759 alignright\" src=\"http:\/\/ofpc-cpao.ca\/wp-content\/uploads\/2019\/06\/headshot-225x300.jpeg\" alt=\"Jill Guerra\" width=\"225\" height=\"300\" srcset=\"https:\/\/ofpc-cpao.ca\/wp-content\/uploads\/2019\/06\/headshot-225x300.jpeg 225w, https:\/\/ofpc-cpao.ca\/wp-content\/uploads\/2019\/06\/headshot-768x1024.jpeg 768w, https:\/\/ofpc-cpao.ca\/wp-content\/uploads\/2019\/06\/headshot.jpeg 960w\" sizes=\"(max-width: 225px) 100vw, 225px\" \/><\/a><\/figure><\/h5>\n\n<p>Apr\u00e8s avoir obtenu son dipl\u00f4me en d\u00e9veloppement international et fait une incursion dans le domaine de la g\u00e9ographie physique, Jill a entam\u00e9 sa ma\u00eetrise en \u00e9tudiant les syst\u00e8mes alimentaires durables \u00e0 l&rsquo;Institute of Resources, Environment and Sustainability de l&rsquo;Universit\u00e9 de la Colombie-Britannique. Dans sa th\u00e8se, elle a examin\u00e9 dans quelle mesure un programme progressif de march\u00e9s publics au Br\u00e9sil pouvait inciter les agriculteurs familiaux \u00e0 passer \u00e0 l&rsquo;agro\u00e9cologie et \u00e0 l&rsquo;agriculture biologique. Depuis qu&rsquo;elle s&rsquo;est install\u00e9e dans la r\u00e9gion d&rsquo;Ottawa, Jill travaille dans le secteur biologique canadien, d&rsquo;abord en tant que chercheuse pour l&rsquo;Association canadienne du commerce des produits biologiques et, plus r\u00e9cemment, en tant que consultante pour les Canadian Organic Growers. Elle admet qu&rsquo;elle n&rsquo;a pas la main verte, mais elle esp\u00e8re que la pers\u00e9v\u00e9rance viendra \u00e0 bout de ce probl\u00e8me.   <\/p>\n\n<hr class=\"wp-block-separator is-style-dots\" \/>\n\n<h3 class=\"wp-block-heading\"><strong>Carly Hayes<\/strong><\/h3>\n\n<h5 class=\"wp-block-heading\"> <figure><a href=\"https:\/\/ofpc-cpao.ca\/wp-content\/uploads\/2021\/08\/carly-hayes-bio-photo.jpg\"><img decoding=\"async\" class=\"size-medium wp-image-759 alignright\" src=\"https:\/\/ofpc-cpao.ca\/wp-content\/uploads\/2021\/08\/carly-hayes-bio-photo.jpg\" alt=\"Carly Hayes\" width=\"192\" height=\"256\"\/><\/a><\/figure><\/h5>\n\n<p>Carly a toujours entretenu un lien \u00e9troit avec les syst\u00e8mes alimentaires locaux, ayant grandi dans une zone rurale pr\u00e8s de Peterborough, en Ontario, avec un grand potager et entour\u00e9e d&rsquo;exploitations agricoles familiales. Elle a commenc\u00e9 \u00e0 s&rsquo;int\u00e9resser aux questions de politique alimentaire en r\u00e9digeant son m\u00e9moire de ma\u00eetrise \u00e0 l&rsquo;universit\u00e9 de Waterloo sur l&rsquo;impact des accords de libre-\u00e9change sur les moyens de subsistance des petits exploitants agricoles, l&rsquo;agriculture durable et la nutrition. Apr\u00e8s avoir obtenu son dipl\u00f4me, Carly a dirig\u00e9 deux projets de recherche au Centre de recherches pour le d\u00e9veloppement international (CRDI), le premier portant sur la mani\u00e8re d&rsquo;adapter les politiques de lutte contre la d\u00e9nutrition pour faire face aux taux croissants de maladies li\u00e9es \u00e0 l&rsquo;alimentation au P\u00e9rou, et le second sur l&rsquo;augmentation de l&rsquo;investissement mondial dans la recherche sur la nutrition des adolescents. Elle a \u00e9galement travaill\u00e9 avec l&rsquo;\u00e9quipe Sant\u00e9 du b\u00e9tail du CRDI, g\u00e9rant un programme de recherche visant \u00e0 d\u00e9velopper des vaccins v\u00e9t\u00e9rinaires pour r\u00e9duire le risque de r\u00e9sistance aux antimicrobiens dans les exploitations d&rsquo;\u00e9levage. Bien qu&rsquo;elle travaille aujourd&rsquo;hui \u00e0 Affaires mondiales Canada, Carly a continu\u00e9 \u00e0 militer pour des syst\u00e8mes alimentaires sains, durables et \u00e9quitables en tant que responsable de la recherche et de l&rsquo;\u00e9ducation au sein de l&rsquo;ex\u00e9cutif du caucus des jeunes pour la s\u00e9curit\u00e9 alimentaire au Canada.    <\/p>\n\n<hr class=\"wp-block-separator is-style-dots\" \/>\n\n<h3 class=\"wp-block-heading\"><strong>Nadia Ibrahim<\/strong><\/h3>\n\n<h5 class=\"wp-block-heading\">Ma\u00eetrise en \u00e9conomie politique<figure><a href=\"http:\/\/ofpc-cpao.ca\/wp-content\/uploads\/2018\/02\/Nadia_Ibrahim_photo.jpg\" target=\"_blank\" rel=\"noopener noreferrer nofollow\"><img loading=\"lazy\" decoding=\"async\" class=\"size-medium wp-image-480 alignright\" src=\"http:\/\/ofpc-cpao.ca\/wp-content\/uploads\/2018\/02\/Nadia_Ibrahim_photo-196x300.jpg\" alt=\"Nadia Ibrahim\" width=\"196\" height=\"300\" srcset=\"https:\/\/ofpc-cpao.ca\/wp-content\/uploads\/2018\/02\/Nadia_Ibrahim_photo-196x300.jpg 196w, https:\/\/ofpc-cpao.ca\/wp-content\/uploads\/2018\/02\/Nadia_Ibrahim_photo.jpg 438w\" sizes=\"(max-width: 196px) 100vw, 196px\" \/><\/a><\/figure><\/h5>\n\n<p>Nadia est r\u00e9cemment dipl\u00f4m\u00e9e du programme de ma\u00eetrise en \u00e9conomie politique de l&rsquo;Universit\u00e9 Carleton. Ses recherches ont port\u00e9 sur la signification et la valeur de l&rsquo;adoption d&rsquo;une \u00ab\u00a0approche des syst\u00e8mes alimentaires\u00a0\u00bb dans le contexte d&rsquo;Ottawa. Depuis l&rsquo;obtention de son dipl\u00f4me, elle travaille en tant que consultante en recherche sur une vari\u00e9t\u00e9 de sujets, notamment les syst\u00e8mes alimentaires durables, les politiques agricoles et commerciales, les questions climatiques et environnementales, et les impacts des politiques commerciales et d&rsquo;aust\u00e9rit\u00e9 sur l&rsquo;\u00e9quit\u00e9 entre les sexes. Elle est \u00e9galement coordinatrice d&rsquo;un r\u00e9seau pancanadien d&rsquo;organisations syndicales, environnementales et d&rsquo;autres organisations de la soci\u00e9t\u00e9 civile qui travaillent ensemble pour promouvoir des politiques commerciales plus \u00e9quitables et plus justes sur le plan social. Nadia est passionn\u00e9e par les aliments locaux, la souverainet\u00e9 alimentaire et la justice alimentaire, et se r\u00e9jouit de travailler avec le Conseil des politiques alimentaires d&rsquo;Ottawa pour promouvoir un syst\u00e8me alimentaire plus juste et plus durable pour tous.    <\/p>\n\n<hr class=\"wp-block-separator is-style-dots\" \/>\n\n<h3 class=\"wp-block-heading\">Amy MacDonald<\/h3>\n\n<h5 class=\"wp-block-heading\">MSc. en nutrition, di\u00e9t\u00e9ticienne agr\u00e9\u00e9e<figure><a href=\"https:\/\/ofpc-cpao.ca\/wp-content\/uploads\/2021\/08\/amy-macdonald-bio-photo.jpg\"><img loading=\"lazy\" decoding=\"async\" class=\"size-medium wp-image-480 alignright\" src=\"https:\/\/ofpc-cpao.ca\/wp-content\/uploads\/2021\/08\/amy-macdonald-bio-photo.jpg\" alt=\"Amy MacDonald\" width=\"256\" height=\"192\"\/><\/a><\/figure><\/h5>\n\n<p>Amy a grandi dans une famille qui appr\u00e9ciait le dur labeur que repr\u00e9sente la consommation d&rsquo;aliments locaux et cultiv\u00e9s \u00e0 la maison. Sa famille poss\u00e8de et exploite une ferme ac\u00e9ricole dans les Muskokas depuis 1949 et elle a grandi en r\u00e9coltant le jardin familial, en conservant ses produits et en pr\u00e9parant des repas \u00e0 la maison.   <\/p>\n\n<p>Ce sont ces valeurs familiales fortes, qui consistent \u00e0 manger de la terre, \u00e0 cuisiner des aliments \u00e0 partir de rien et \u00e0 manger ensemble, qui ont nourri sa passion pour l&rsquo;alimentation saine et l&rsquo;utilisation de la nourriture comme m\u00e9decine.<\/p>\n\n<p>Amy a obtenu une licence en sciences de l&rsquo;activit\u00e9 physique \u00e0 l&rsquo;Universit\u00e9 d&rsquo;Ottawa, puis une ma\u00eetrise en nutrition et un dipl\u00f4me d&rsquo;\u00e9tudes sup\u00e9rieures \u00e0 l&rsquo;Universit\u00e9 McGill. Elle travaille maintenant comme di\u00e9t\u00e9tiste clinique \u00e0 l&rsquo;H\u00f4pital d&rsquo;Ottawa et se sp\u00e9cialise dans la gestion de l&rsquo;ob\u00e9sit\u00e9 et du diab\u00e8te. Elle se passionne pour l&rsquo;\u00e9ducation nutritionnelle et aide ses patients \u00e0 comprendre l&rsquo;importance d&rsquo;une bonne alimentation pour vivre longtemps et en bonne sant\u00e9.    <\/p>\n\n<hr class=\"wp-block-separator is-style-dots\" \/>\n\n<h3 class=\"wp-block-heading\"><strong>Heather McLeod-Kilmurray<\/strong><\/h3>\n\n<h5 class=\"wp-block-heading\">Professeur associ\u00e9 et codirecteur du Centre pour le droit de l&rsquo;environnement et la durabilit\u00e9 mondiale (CELGS)<span lang=\"EN\"><figure><a href=\"http:\/\/ofpc-cpao.ca\/wp-content\/uploads\/2019\/05\/McLeod-Kilmurray-H.jpg\" target=\"_blank\" rel=\"noopener noreferrer nofollow\"><img loading=\"lazy\" decoding=\"async\" class=\"size-medium wp-image-752 alignright\" src=\"http:\/\/ofpc-cpao.ca\/wp-content\/uploads\/2019\/05\/McLeod-Kilmurray-H-200x300.jpg\" alt=\"Heather McLeod-Kilmurray\" width=\"200\" height=\"300\" srcset=\"https:\/\/ofpc-cpao.ca\/wp-content\/uploads\/2019\/05\/McLeod-Kilmurray-H-200x300.jpg 200w, https:\/\/ofpc-cpao.ca\/wp-content\/uploads\/2019\/05\/McLeod-Kilmurray-H.jpg 399w\" sizes=\"(max-width: 200px) 100vw, 200px\" \/><\/a><\/figure><\/span><\/h5>\n\n<p>Heather McLeod-Kilmurray est professeur associ\u00e9 \u00e0 la Facult\u00e9 de droit de l&rsquo;Universit\u00e9 d&rsquo;Ottawa et codirectrice du Centre pour le droit de l&rsquo;environnement et la durabilit\u00e9 mondiale (CELGS). <span lang=\"EN\">Ses recherches et son enseignement portent sur le droit de l&rsquo;alimentation, les d\u00e9lits toxiques et la justice environnementale. Elle est co-auteur de <i>The Canadian Law of Toxic Torts <\/i>avec Lynda Collins, co-\u00e9diteur de l&rsquo;ouvrage \u00e0 para\u00eetre <i>Canadian Food Law and Policy<\/i> avec Nathalie Chalifour et Angela Lee. Elle a \u00e9t\u00e9 co-organisatrice de la deuxi\u00e8me conf\u00e9rence annuelle sur le droit et la politique alimentaires \u00e0 l&rsquo;Universit\u00e9 d&rsquo;Ottawa et co-enseigne le cours sur le droit alimentaire avec Angela Lee. Elle est membre du Conseil des politiques alimentaires d&rsquo;Ottawa et membre du <\/span><span lang=\"EN-US\">conseil consultatif de gestion<\/span><span lang=\"EN\"> du <\/span><span lang=\"EN-US\">Centre for Sustainable Food Systems de l&rsquo;Universit\u00e9 Wilfrid Laurier. <\/span><span lang=\"EN\">Elle a \u00e9t\u00e9 membre \u00e0 temps partiel du Tribunal de l&rsquo;environnement de l&rsquo;Ontario.<\/span><\/p>\n\n<hr class=\"wp-block-separator is-style-dots\" \/>\n\n<h3 class=\"wp-block-heading\"><strong>Alexis Wagner<\/strong><\/h3>\n\n<h5 class=\"wp-block-heading\"> <span lang=\"EN\"><figure><img loading=\"lazy\" decoding=\"async\" class=\"size-medium wp-image-752 alignright\" src=\"https:\/\/ofpc-cpao.ca\/wp-content\/uploads\/2021\/09\/Alexis-Wagner.jpg\" alt=\"Alexis Wagner\" width=\"200\" height=\"244\"\/><\/figure><\/span><\/h5>\n\n<p>Alexis est gestionnaire du secteur de la transformation des aliments et des boissons \u00e0 Innovation, Sciences et D\u00e9veloppement \u00e9conomique Canada (ISED), un minist\u00e8re du gouvernement du Canada. Dans le cadre de ses fonctions, elle dirige la recherche, l&rsquo;analyse et les conseils en mati\u00e8re de politique afin de soutenir un secteur de la transformation des aliments et des boissons comp\u00e9titif et durable. Elle a commenc\u00e9 sa carri\u00e8re chez Labatt Breweries, puis a assum\u00e9 les fonctions de brasseur en chef et d&rsquo;assistant brasseur chez Mill Street Brewery, avant de rejoindre la fonction publique f\u00e9d\u00e9rale.    \n\nAlexis est titulaire d&rsquo;un master en politique environnementale de l&rsquo;universit\u00e9 de Cambridge, o\u00f9 elle a men\u00e9 des recherches sur l&rsquo;adoption de pratiques de gestion b\u00e9n\u00e9fiques au niveau de l&rsquo;exploitation en tant que boursi\u00e8re Chevening, et d&rsquo;une licence en ing\u00e9nierie biologique et alimentaire de l&rsquo;universit\u00e9 de Guelph.  \n\nAlexis fait \u00e9galement partie du comit\u00e9 directeur de Hidden Harvest Ottawa et du comit\u00e9 technique de l&rsquo;Institut canadien des sciences et technologies alimentaires. John&rsquo;s Food Policy Council et du St. John&rsquo;s Fruit Tree Project, \u00e0 Terre-Neuve. <\/p>\n\n<hr class=\"wp-block-separator is-style-wide\" \/>\n\n<h2 class=\"wp-block-heading\">Anciens membres<\/h2>\n\n<h3 class=\"wp-block-heading\"><strong>Alicia Martin<\/strong><\/h3>\n\n<h5 class=\"wp-block-heading\">Ma\u00eetrise en \u00e9tudes politiques avec une sp\u00e9cialisation en durabilit\u00e9 environnementale<figure><a href=\"http:\/\/ofpc-cpao.ca\/wp-content\/uploads\/2018\/02\/12063343_10153556414296201_5209852870528565152_n.jpg\" target=\"_blank\" rel=\"noopener noreferrer nofollow\"><img loading=\"lazy\" decoding=\"async\" class=\"size-medium wp-image-477 alignright\" src=\"http:\/\/ofpc-cpao.ca\/wp-content\/uploads\/2018\/02\/12063343_10153556414296201_5209852870528565152_n-300x300.jpg\" alt=\"Alicia Martin\" width=\"300\" height=\"300\" srcset=\"https:\/\/ofpc-cpao.ca\/wp-content\/uploads\/2018\/02\/12063343_10153556414296201_5209852870528565152_n-300x300.jpg 300w, https:\/\/ofpc-cpao.ca\/wp-content\/uploads\/2018\/02\/12063343_10153556414296201_5209852870528565152_n-150x150.jpg 150w, https:\/\/ofpc-cpao.ca\/wp-content\/uploads\/2018\/02\/12063343_10153556414296201_5209852870528565152_n-768x768.jpg 768w, https:\/\/ofpc-cpao.ca\/wp-content\/uploads\/2018\/02\/12063343_10153556414296201_5209852870528565152_n.jpg 960w\" sizes=\"(max-width: 300px) 100vw, 300px\" \/><\/a><\/figure><\/h5>\n\n<p>Alicia est titulaire d&rsquo;une ma\u00eetrise en sciences politiques avec sp\u00e9cialisation en durabilit\u00e9 environnementale de l&rsquo;\u00c9cole d&rsquo;\u00e9tudes politiques de l&rsquo;Universit\u00e9 d&rsquo;Ottawa. Sa recherche de ma\u00eetrise portait sur la conceptualisation de la litt\u00e9ratie alimentaire globale et sur l&rsquo;\u00e9valuation de la litt\u00e9ratie alimentaire des \u00e9l\u00e8ves du secondaire en Ontario, en mettant l&rsquo;accent sur leurs connaissances des syst\u00e8mes alimentaires. Elle s&rsquo;int\u00e9resse \u00e0 la sensibilisation aux impacts environnementaux, sociaux et politiques des aliments que nous consommons, qui, selon elle, peuvent \u00eatre att\u00e9nu\u00e9s \u00e0 de multiples niveaux gr\u00e2ce \u00e0 une population poss\u00e9dant une culture alimentaire plus compl\u00e8te. Depuis qu&rsquo;Alicia a d\u00e9m\u00e9nag\u00e9 \u00e0 Ottawa \u00e0 l&rsquo;automne 2015, elle s&rsquo;est impliqu\u00e9e dans diff\u00e9rents projets dans les milieux universitaires et communautaires. Tout au long de ses ann\u00e9es \u00e0 l&rsquo;Universit\u00e9 d&rsquo;Ottawa, elle a \u00e9t\u00e9 un membre actif du Laboratoire d&rsquo;\u00e9tude interdisciplinaire de l&rsquo;alimentation, o\u00f9 elle a organis\u00e9 et particip\u00e9 \u00e0 des conf\u00e9rences universitaires et \u00e0 des d\u00e9jeuners-discussions portant sur la politique alimentaire et la recherche sur l&rsquo;alimentation.    <\/p>\n\n<hr class=\"wp-block-separator is-style-dots\" \/>\n\n<h2 class=\"wp-block-heading\">Martin Settle<\/h2>\n\n<h5 class=\"wp-block-heading\">Directeur ex\u00e9cutif, USC Canada<figure><figure><a href=\"http:\/\/ofpc-cpao.ca\/wp-content\/uploads\/2018\/02\/DBM-for-OFPC.jpg\" target=\"_blank\" rel=\"noopener noreferrer nofollow\"><img loading=\"lazy\" decoding=\"async\" class=\"size-medium wp-image-478 alignright\" src=\"http:\/\/ofpc-cpao.ca\/wp-content\/uploads\/2018\/02\/FB_IMG_1468067751952-1-1-259x300.jpg\" alt=\"Martin Settle\" width=\"223\" height=\"300\"\/><\/a><\/figure><\/figure><\/h5>\n\n<p>Martin Settle a grandi dans une r\u00e9gion rurale de l&rsquo;Alberta, o\u00f9 il aidait \u00e0 entretenir les jardins familiaux et \u00e0 observer les rythmes de l&rsquo;agriculture. La justice alimentaire a \u00e9t\u00e9 une passion pr\u00e9coce, qui s&rsquo;est transform\u00e9e en carri\u00e8re. Apr\u00e8s une d\u00e9cennie de travail avec les jeunes au sein de l&rsquo;\u00c9glise unie, Martin a ajout\u00e9 la comptabilit\u00e9 \u00e0 sa formation en \u00e9cologie humaine et a particip\u00e9 \u00e0 la mise en place d&rsquo;un programme de repas scolaires \u00e0 base de produits locaux dans le Dorset, au Royaume-Uni. Vivant maintenant \u00e0 Westboro avec Kate et leurs deux fils, Martin a trouv\u00e9 un foyer professionnel pour promouvoir la justice alimentaire par l&rsquo;interm\u00e9diaire d&rsquo;USC Canada, dont il est le directeur ex\u00e9cutif.   <\/p>\n\n<hr class=\"wp-block-separator is-style-dots\" \/>\n\n<h3 class=\"wp-block-heading\"><strong>Dara Marcus<\/strong><\/h3>\n\n<h5 class=\"wp-block-heading\">Ma\u00eetrise en affaires publiques et internationales<figure><a href=\"http:\/\/ofpc-cpao.ca\/wp-content\/uploads\/2018\/02\/DBM-for-OFPC.jpg\" target=\"_blank\" rel=\"noopener noreferrer nofollow\"><img loading=\"lazy\" decoding=\"async\" class=\"size-medium wp-image-478 alignright\" src=\"http:\/\/ofpc-cpao.ca\/wp-content\/uploads\/2018\/02\/DBM-for-OFPC-223x300.jpg\" alt=\"Dara Marcus\" width=\"223\" height=\"300\" srcset=\"https:\/\/ofpc-cpao.ca\/wp-content\/uploads\/2018\/02\/DBM-for-OFPC-223x300.jpg 223w, https:\/\/ofpc-cpao.ca\/wp-content\/uploads\/2018\/02\/DBM-for-OFPC-760x1024.jpg 760w, https:\/\/ofpc-cpao.ca\/wp-content\/uploads\/2018\/02\/DBM-for-OFPC-768x1035.jpg 768w, https:\/\/ofpc-cpao.ca\/wp-content\/uploads\/2018\/02\/DBM-for-OFPC-1140x1536.jpg 1140w, https:\/\/ofpc-cpao.ca\/wp-content\/uploads\/2018\/02\/DBM-for-OFPC-1520x2048.jpg 1520w, https:\/\/ofpc-cpao.ca\/wp-content\/uploads\/2018\/02\/DBM-for-OFPC.jpg 1619w\" sizes=\"(max-width: 223px) 100vw, 223px\" \/><\/a><\/figure><\/h5>\n\n<p>Dara a grandi dans une petite ferme du Maine rural, au sein d&rsquo;une famille qui lui a inculqu\u00e9 une profonde appr\u00e9ciation des d\u00e9licieux produits cultiv\u00e9s \u00e0 la maison. Elle a travaill\u00e9 toute sa vie dans le domaine de l&rsquo;alimentation, qu&rsquo;il s&rsquo;agisse de la culture, de la conservation, de la pr\u00e9paration et de la cuisson, de la recherche, de l&rsquo;\u00e9criture ou de son travail actuel en tant qu&rsquo;\u00e9conomiste laiti\u00e8re et analyste politique. Dara est titulaire d&rsquo;une ma\u00eetrise en affaires publiques et internationales de l&rsquo;Universit\u00e9 d&rsquo;Ottawa, o\u00f9 elle a men\u00e9 sa recherche de ma\u00eetrise sur la politique canadienne en mati\u00e8re d&rsquo;agriculture urbaine. Elle est particuli\u00e8rement passionn\u00e9e par l&rsquo;\u00e9levage urbain. Elle apporte au CPAO sa connaissance approfondie des pratiques et des r\u00e8glements canadiens en mati\u00e8re d&rsquo;agriculture urbaine, dans l&rsquo;espoir d&rsquo;\u00e9laborer des politiques municipales qui favorisent une production alimentaire locale g\u00e9n\u00e9ralis\u00e9e. Elle se consacre au d\u00e9veloppement urbain durable et aimerait voir les toits st\u00e9riles d&rsquo;Ottawa verdir. Membre de longue date du comit\u00e9 du jardin communautaire de l&rsquo;Universit\u00e9 d&rsquo;Ottawa, Dara est la plus heureuse \u00e0 creuser dans la terre, \u00e0 lutter contre les esp\u00e8ces envahissantes et \u00e0 encourager les habitats d&rsquo;insectes b\u00e9n\u00e9fiques \u00e0 prosp\u00e9rer. Lorsqu&rsquo;elle n&rsquo;est pas dans le jardin, vous la trouverez en train de faire du v\u00e9lo, de lire ou de cuisiner une temp\u00eate.       <\/p>\n\n<hr class=\"wp-block-separator is-style-dots\" \/>\n\n<h3 class=\"wp-block-heading\"><strong>Genevi\u00e8ve Gazaille<\/strong><\/h3>\n\n<h5 class=\"wp-block-heading\">Ma\u00eetrise en \u00e9tudes internationales<figure><a href=\"http:\/\/ofpc-cpao.ca\/wp-content\/uploads\/2018\/02\/IMG_9129-e1519670057338.jpg\" target=\"_blank\" rel=\"noopener noreferrer nofollow\"><img loading=\"lazy\" decoding=\"async\" class=\"size-medium wp-image-476 alignright\" src=\"http:\/\/ofpc-cpao.ca\/wp-content\/uploads\/2018\/02\/IMG_9129-e1519670057338-200x300.jpg\" alt=\"Genevi\u00e8ve Gazaille\" width=\"200\" height=\"300\" srcset=\"https:\/\/ofpc-cpao.ca\/wp-content\/uploads\/2018\/02\/IMG_9129-e1519670057338-200x300.jpg 200w, https:\/\/ofpc-cpao.ca\/wp-content\/uploads\/2018\/02\/IMG_9129-e1519670057338-683x1024.jpg 683w, https:\/\/ofpc-cpao.ca\/wp-content\/uploads\/2018\/02\/IMG_9129-e1519670057338-768x1152.jpg 768w, https:\/\/ofpc-cpao.ca\/wp-content\/uploads\/2018\/02\/IMG_9129-e1519670057338-1024x1536.jpg 1024w, https:\/\/ofpc-cpao.ca\/wp-content\/uploads\/2018\/02\/IMG_9129-e1519670057338-1365x2048.jpg 1365w, https:\/\/ofpc-cpao.ca\/wp-content\/uploads\/2018\/02\/IMG_9129-e1519670057338-scaled.jpg 1707w\" sizes=\"(max-width: 200px) 100vw, 200px\" \/><\/a><\/figure><\/h5>\n\n<p>Genevi\u00e8ve est passionn\u00e9e par les questions de s\u00e9curit\u00e9, de durabilit\u00e9 et de souverainet\u00e9 alimentaires. Elle poss\u00e8de plus de dix ans d&rsquo;exp\u00e9rience dans le secteur de la communication, principalement aupr\u00e8s d&rsquo;organisations gouvernementales et \u00e0 but non lucratif. Au cours des derni\u00e8res ann\u00e9es, elle a travaill\u00e9 pour les march\u00e9s publics d&rsquo;Ottawa o\u00f9 elle a d\u00e9velopp\u00e9 des projets et des campagnes visant \u00e0 am\u00e9liorer l&rsquo;exp\u00e9rience des clients tout en les sensibilisant \u00e0 l&rsquo;importance de l&rsquo;achat local. Ce r\u00f4le l&rsquo;a amen\u00e9e \u00e0 si\u00e9ger au comit\u00e9 consultatif de Savourez Ottawa, une initiative qui vise \u00e0 mettre en relation les diff\u00e9rents acteurs du syst\u00e8me alimentaire r\u00e9gional que sont les producteurs, les restaurateurs, les d\u00e9taillants et les consommateurs. Originaire de Montr\u00e9al, les cinq ann\u00e9es qu&rsquo;elle a pass\u00e9es \u00e0 faire du b\u00e9n\u00e9volat et \u00e0 si\u00e9ger au conseil d&rsquo;administration du Gloucester Emergency Food Cupboard lui ont permis de voir un autre aspect d&rsquo;Ottawa. Genevi\u00e8ve est titulaire d&rsquo;une ma\u00eetrise en \u00e9tudes internationales et d&rsquo;un certificat en alimentation locale durable. Elle aime cuisiner, jardiner et voyager.     <\/p>\n","protected":false},"excerpt":{"rendered":"<p>Membres du Conseil des politiques alimentaires d&rsquo;Ottawa Chris Evans Analyste politique Chris est activement impliqu\u00e9 dans le secteur agricole depuis son enfance. Il a grandi sur une ferme dans le comt\u00e9 de Pontiac, \u00e0 environ 1,5 heure d&rsquo;Ottawa. Chris a cultiv\u00e9 du houblon et a particip\u00e9 \u00e0 la gestion des op\u00e9rations agricoles, notamment en s&rsquo;occupant [&hellip;]<\/p>\n","protected":false},"author":1,"featured_media":0,"parent":0,"menu_order":0,"comment_status":"closed","ping_status":"closed","template":"","meta":{"footnotes":""},"class_list":["post-1686","page","type-page","status-publish","hentry"],"_links":{"self":[{"href":"https:\/\/ofpc-cpao.ca\/fr\/wp-json\/wp\/v2\/pages\/1686","targetHints":{"allow":["GET"]}}],"collection":[{"href":"https:\/\/ofpc-cpao.ca\/fr\/wp-json\/wp\/v2\/pages"}],"about":[{"href":"https:\/\/ofpc-cpao.ca\/fr\/wp-json\/wp\/v2\/types\/page"}],"author":[{"embeddable":true,"href":"https:\/\/ofpc-cpao.ca\/fr\/wp-json\/wp\/v2\/users\/1"}],"replies":[{"embeddable":true,"href":"https:\/\/ofpc-cpao.ca\/fr\/wp-json\/wp\/v2\/comments?post=1686"}],"version-history":[{"count":1,"href":"https:\/\/ofpc-cpao.ca\/fr\/wp-json\/wp\/v2\/pages\/1686\/revisions"}],"predecessor-version":[{"id":1713,"href":"https:\/\/ofpc-cpao.ca\/fr\/wp-json\/wp\/v2\/pages\/1686\/revisions\/1713"}],"wp:attachment":[{"href":"https:\/\/ofpc-cpao.ca\/fr\/wp-json\/wp\/v2\/media?parent=1686"}],"curies":[{"name":"wp","href":"https:\/\/api.w.org\/{rel}","templated":true}]}}