{"id":1681,"date":"2014-07-26T21:09:14","date_gmt":"2014-07-27T01:09:14","guid":{"rendered":"https:\/\/ofpc-cpao.ca\/contactez-nous\/"},"modified":"2014-07-26T21:09:14","modified_gmt":"2014-07-27T01:09:14","slug":"contactez-nous","status":"publish","type":"page","link":"https:\/\/ofpc-cpao.ca\/fr\/contactez-nous\/","title":{"rendered":"Contactez nous"},"content":{"rendered":"<p style=\"text-align: center\">Vous avez un probl\u00e8me alimentaire qui vous pr\u00e9occupe et qui n\u00e9cessite une discussion et une action ? Voulez-vous collaborer ? Le travail que nous effectuons vous int\u00e9resse ? CPAO souhaite vous entendre ! Les sujets peuvent se situer au niveau municipal, provincial, f\u00e9d\u00e9ral, de l&rsquo;\u00e9cole, de la communaut\u00e9 ou du quartier.<\/p>\n<p style=\"color: #000000;text-align: center\"><strong>Conseil des politiques alimentaires d&rsquo;Ottawa<\/strong><br \/>\n<strong>c\/o 2391 Pepin Court<\/strong><br \/>\n<strong>Ottawa, ON K1B 4Z3<\/strong><\/p>\n<p style=\"color: #000000;text-align: center\"><strong><a style=\"color: #6e6c64\" href=\"mailto:info@ofpc-cpao.ca\">info@ofpc-cpao.ca<\/a><\/strong><\/p>\n<h5><\/h5>\n","protected":false},"excerpt":{"rendered":"<p>Vous avez un probl\u00e8me alimentaire qui vous pr\u00e9occupe et qui n\u00e9cessite une discussion et une action ? Voulez-vous collaborer ? Le travail que nous effectuons vous int\u00e9resse ? CPAO souhaite vous entendre ! Les sujets peuvent se situer au niveau municipal, provincial, f\u00e9d\u00e9ral, de l&rsquo;\u00e9cole, de la communaut\u00e9 ou du quartier. Conseil des politiques alimentaires [&hellip;]<\/p>\n","protected":false},"author":1,"featured_media":0,"parent":0,"menu_order":0,"comment_status":"closed","ping_status":"closed","template":"","meta":{"footnotes":""},"class_list":["post-1681","page","type-page","status-publish","hentry"],"_links":{"self":[{"href":"https:\/\/ofpc-cpao.ca\/fr\/wp-json\/wp\/v2\/pages\/1681","targetHints":{"allow":["GET"]}}],"collection":[{"href":"https:\/\/ofpc-cpao.ca\/fr\/wp-json\/wp\/v2\/pages"}],"about":[{"href":"https:\/\/ofpc-cpao.ca\/fr\/wp-json\/wp\/v2\/types\/page"}],"author":[{"embeddable":true,"href":"https:\/\/ofpc-cpao.ca\/fr\/wp-json\/wp\/v2\/users\/1"}],"replies":[{"embeddable":true,"href":"https:\/\/ofpc-cpao.ca\/fr\/wp-json\/wp\/v2\/comments?post=1681"}],"version-history":[{"count":0,"href":"https:\/\/ofpc-cpao.ca\/fr\/wp-json\/wp\/v2\/pages\/1681\/revisions"}],"wp:attachment":[{"href":"https:\/\/ofpc-cpao.ca\/fr\/wp-json\/wp\/v2\/media?parent=1681"}],"curies":[{"name":"wp","href":"https:\/\/api.w.org\/{rel}","templated":true}]}}