{"id":1677,"date":"2025-02-19T18:05:39","date_gmt":"2025-02-19T23:05:39","guid":{"rendered":"https:\/\/ofpc-cpao.ca\/actions\/elections-provinciales\/elections-provinciales-de-2025\/"},"modified":"2026-04-16T15:48:47","modified_gmt":"2026-04-16T19:48:47","slug":"elections-provinciales-de-2025","status":"publish","type":"page","link":"https:\/\/ofpc-cpao.ca\/fr\/actions\/elections-provinciales\/elections-provinciales-de-2025\/","title":{"rendered":"\u00c9lections provinciales de 2025"},"content":{"rendered":"\t\t<div data-elementor-type=\"wp-page\" data-elementor-id=\"1677\" class=\"elementor elementor-1677 elementor-1370\" data-elementor-post-type=\"page\">\n\t\t\t\t<div class=\"elementor-element elementor-element-15d1ccc3 e-flex e-con-boxed e-con e-parent\" data-id=\"15d1ccc3\" data-element_type=\"container\" data-e-type=\"container\">\n\t\t\t\t\t<div class=\"e-con-inner\">\n\t\t\t\t<div class=\"elementor-element elementor-element-5466941 elementor-widget elementor-widget-text-editor\" data-id=\"5466941\" data-element_type=\"widget\" data-e-type=\"widget\" data-widget_type=\"text-editor.default\">\n\t\t\t\t\t\t\t\t\t<h1 class=\"p1\"><span style=\"color: #000000\">\u00c9lections provinciales de 2025<\/span><\/h1>\t\t\t\t\t\t\t\t<\/div>\n\t\t\t\t<div class=\"elementor-element elementor-element-bf62c7e elementor-widget-divider--view-line elementor-widget elementor-widget-divider\" data-id=\"bf62c7e\" data-element_type=\"widget\" data-e-type=\"widget\" data-widget_type=\"divider.default\">\n\t\t\t\t\t\t\t<div class=\"elementor-divider\">\n\t\t\t<span class=\"elementor-divider-separator\">\n\t\t\t\t\t\t<\/span>\n\t\t<\/div>\n\t\t\t\t\t\t<\/div>\n\t\t\t\t<div class=\"elementor-element elementor-element-8abeff6 elementor-widget elementor-widget-heading\" data-id=\"8abeff6\" data-element_type=\"widget\" data-e-type=\"widget\" data-widget_type=\"heading.default\">\n\t\t\t\t\t<h1 class=\"elementor-heading-title elementor-size-default\">Quels sont les engagements des candidats d'Ottawa en mati\u00e8re d'alimentation et d'agriculture ?<\/h1>\t\t\t\t<\/div>\n\t\t\t\t<div class=\"elementor-element elementor-element-78a8f64 elementor-align-justify elementor-widget elementor-widget-button\" data-id=\"78a8f64\" data-element_type=\"widget\" data-e-type=\"widget\" data-widget_type=\"button.default\">\n\t\t\t\t\t\t\t\t\t\t<a class=\"elementor-button elementor-button-link elementor-size-sm\" href=\"https:\/\/docs.google.com\/spreadsheets\/d\/e\/2PACX-1vR8qBxAGMuqlot1407Njpl20ye7YGS3c2bgWtOWivzdvnVyXFWj09SuAWVNcc6M6yUDU1U-vpApVXx-\/pubhtml?gid=823123421&#038;single=true\" target=\"_blank\" rel=\"noopener noreferrer nofollow\">\n\t\t\t\t\t\t<span class=\"elementor-button-content-wrapper\">\n\t\t\t\t\t\t\t\t\t<span class=\"elementor-button-text\">Cliquez sur ce bouton pour en savoir plus<\/span>\n\t\t\t\t\t<\/span>\n\t\t\t\t\t<\/a>\n\t\t\t\t\t\t\t\t<\/div>\n\t\t\t\t<div class=\"elementor-element elementor-element-1c43a78a elementor-widget elementor-widget-text-editor\" data-id=\"1c43a78a\" data-element_type=\"widget\" data-e-type=\"widget\" data-widget_type=\"text-editor.default\">\n\t\t\t\t\t\t\t\t\t<h2 style=\"text-align: center\"><span style=\"color: #000000\"><b>Nous continuerons \u00e0 publier toutes les r\u00e9ponses au fur et \u00e0 mesure qu&rsquo;elles nous parviennent. <\/b><\/span><b style=\"color: #000000\">re\u00e7ues.<\/b><\/h2>\n<p><\/p>\t\t\t\t\t\t\t\t<\/div>\n\t\t\t\t<div class=\"elementor-element elementor-element-1a70571 elementor-widget-divider--view-line elementor-widget elementor-widget-divider\" data-id=\"1a70571\" data-element_type=\"widget\" data-e-type=\"widget\" data-widget_type=\"divider.default\">\n\t\t\t\t\t\t\t<div class=\"elementor-divider\">\n\t\t\t<span class=\"elementor-divider-separator\">\n\t\t\t\t\t\t<\/span>\n\t\t<\/div>\n\t\t\t\t\t\t<\/div>\n\t\t\t\t<div class=\"elementor-element elementor-element-5b00b29 elementor-widget elementor-widget-heading\" data-id=\"5b00b29\" data-element_type=\"widget\" data-e-type=\"widget\" data-widget_type=\"heading.default\">\n\t\t\t\t\t<h2 class=\"elementor-heading-title elementor-size-default\">N'h\u00e9sitez pas \u00e0 diffuser largement ces r\u00e9sultats !<\/h2>\t\t\t\t<\/div>\n\t\t\t\t\t<\/div>\n\t\t\t\t<\/div>\n\t\t<div class=\"elementor-element elementor-element-dc8dcdb e-flex e-con-boxed e-con e-parent\" data-id=\"dc8dcdb\" data-element_type=\"container\" data-e-type=\"container\">\n\t\t\t\t\t<div class=\"e-con-inner\">\n\t\t<div class=\"elementor-element elementor-element-f826a1a e-con-full e-flex e-con e-child\" data-id=\"f826a1a\" data-element_type=\"container\" data-e-type=\"container\">\n\t\t\t\t<div class=\"elementor-element elementor-element-b5cabfb elementor-widget elementor-widget-text-editor\" data-id=\"b5cabfb\" data-element_type=\"widget\" data-e-type=\"widget\" data-widget_type=\"text-editor.default\">\n\t\t\t\t\t\t\t\t\t<h3><strong><span style=\"color: #bf7d0a\">Une information rapide \u00e0 ajouter \u00e0 vos newsletters, m\u00e9dias sociaux, emails :<\/span><\/strong><\/h3>\t\t\t\t\t\t\t\t<\/div>\n\t\t\t\t<div class=\"elementor-element elementor-element-98408d0 elementor-widget elementor-widget-text-editor\" data-id=\"98408d0\" data-element_type=\"widget\" data-e-type=\"widget\" data-widget_type=\"text-editor.default\">\n\t\t\t\t\t\t\t\t\t<h3><span style=\"color: #d49f00\">Texte :<\/span><\/h3>\n<h4><strong>Vous voulez savoir ce que les candidats d&rsquo;Ottawa s&rsquo;engagent \u00e0 faire en mati\u00e8re d&rsquo;alimentation et d&rsquo;agriculture ?<\/strong><br><strong>Visitez le site<a href=\"http:\/\/ofpc-cpao.ca\/vote2025\" target=\"_blank\" rel=\"noopener noreferrer nofollow\"> CPAO-cpao.ca\/vote2025 <\/a>pour le d\u00e9couvrir ! <\/strong> <\/h4>\n<h3><span style=\"color: #d49f00\"><strong>Image :<\/strong><\/span><\/h3>\t\t\t\t\t\t\t\t<\/div>\n\t\t\t\t<div class=\"elementor-element elementor-element-f1a9395 elementor-widget elementor-widget-image\" data-id=\"f1a9395\" data-element_type=\"widget\" data-e-type=\"widget\" data-widget_type=\"image.default\">\n\t\t\t\t\t\t\t\t\t\t\t\t\t\t\t<img fetchpriority=\"high\" decoding=\"async\" width=\"768\" height=\"960\" src=\"https:\/\/ofpc-cpao.ca\/wp-content\/uploads\/2025\/02\/2025-elections-4-768x960.png\" class=\"attachment-medium_large size-medium_large wp-image-1676\" alt=\"\" srcset=\"https:\/\/ofpc-cpao.ca\/wp-content\/uploads\/2025\/02\/2025-elections-4-768x960.png 768w, https:\/\/ofpc-cpao.ca\/wp-content\/uploads\/2025\/02\/2025-elections-4-240x300.png 240w, https:\/\/ofpc-cpao.ca\/wp-content\/uploads\/2025\/02\/2025-elections-4-819x1024.png 819w, https:\/\/ofpc-cpao.ca\/wp-content\/uploads\/2025\/02\/2025-elections-4-1229x1536.png 1229w, https:\/\/ofpc-cpao.ca\/wp-content\/uploads\/2025\/02\/2025-elections-4-1638x2048.png 1638w, https:\/\/ofpc-cpao.ca\/wp-content\/uploads\/2025\/02\/2025-elections-4-scaled.png 2048w\" sizes=\"(max-width: 768px) 100vw, 768px\" \/>\t\t\t\t\t\t\t\t\t\t\t\t\t\t\t<\/div>\n\t\t\t\t<div class=\"elementor-element elementor-element-e6c286f elementor-widget-divider--view-line elementor-widget elementor-widget-divider\" data-id=\"e6c286f\" data-element_type=\"widget\" data-e-type=\"widget\" data-widget_type=\"divider.default\">\n\t\t\t\t\t\t\t<div class=\"elementor-divider\">\n\t\t\t<span class=\"elementor-divider-separator\">\n\t\t\t\t\t\t<\/span>\n\t\t<\/div>\n\t\t\t\t\t\t<\/div>\n\t\t\t\t<div class=\"elementor-element elementor-element-7b3fefa elementor-widget elementor-widget-heading\" data-id=\"7b3fefa\" data-element_type=\"widget\" data-e-type=\"widget\" data-widget_type=\"heading.default\">\n\t\t\t\t\t<h1 class=\"elementor-heading-title elementor-size-default\">Votre candidat ne figure pas dans la liste ?<\/h1>\t\t\t\t<\/div>\n\t\t\t\t<div class=\"elementor-element elementor-element-7b5e023 elementor-widget elementor-widget-text-editor\" data-id=\"7b5e023\" data-element_type=\"widget\" data-e-type=\"widget\" data-widget_type=\"text-editor.default\">\n\t\t\t\t\t\t\t\t\t<h2 style=\"text-align: center\"><strong>  Encouragez-les \u00e0 r\u00e9pondre \u00e0 <a href=\"https:\/\/docs.google.com\/forms\/d\/e\/1FAIpQLSeTEMThNLiMQcogS3Si44K3Z6PS6ZY1Tc_Juw-o0yqgiLYUhQ\/viewform?pli=1\" target=\"_blank\" rel=\"noopener noreferrer nofollow\">cette enqu\u00eate<\/a><br><\/strong><\/h2>\t\t\t\t\t\t\t\t<\/div>\n\t\t\t\t<div class=\"elementor-element elementor-element-8d25a7d elementor-widget-divider--view-line elementor-widget elementor-widget-divider\" data-id=\"8d25a7d\" data-element_type=\"widget\" data-e-type=\"widget\" data-widget_type=\"divider.default\">\n\t\t\t\t\t\t\t<div class=\"elementor-divider\">\n\t\t\t<span class=\"elementor-divider-separator\">\n\t\t\t\t\t\t<\/span>\n\t\t<\/div>\n\t\t\t\t\t\t<\/div>\n\t\t\t\t<div class=\"elementor-element elementor-element-dcb3547 elementor-widget elementor-widget-heading\" data-id=\"dcb3547\" data-element_type=\"widget\" data-e-type=\"widget\" data-widget_type=\"heading.default\">\n\t\t\t\t\t<h2 class=\"elementor-heading-title elementor-size-default\">Plus d'informations :<\/h2>\t\t\t\t<\/div>\n\t\t\t\t<div class=\"elementor-element elementor-element-97e157e elementor-widget elementor-widget-text-editor\" data-id=\"97e157e\" data-element_type=\"widget\" data-e-type=\"widget\" data-widget_type=\"text-editor.default\">\n\t\t\t\t\t\t\t\t\t<h2><span style=\"color: var( --e-global-color-text );font-family: var( --e-global-typography-text-font-family ), Sans-serif;font-weight: var( --e-global-typography-text-font-weight );text-align: var(--text-align)\"><strong>Le Conseil des politiques alimentaires d&rsquo;Ottawa<\/strong> s&rsquo;associe \u00e0 <strong>Sustain<\/strong><\/span><\/h2>\n<h4><a href=\"https:\/\/sustainontario.com\/vote2025\/#:~:text=Food%20System%20Policy%20Priorities\" target=\"_blank\" rel=\"noopener noreferrer nofollow\">Cliquez ici pour consulter les<\/a> recommandations politiques que plus de 90 organisations ont formul\u00e9es en tant que priorit\u00e9s communes aux territoires autochtones et \u00e0 l&rsquo;Ontario.<\/h4>\t\t\t\t\t\t\t\t<\/div>\n\t\t\t\t<\/div>\n\t\t\t\t\t<\/div>\n\t\t\t\t<\/div>\n\t\t<div class=\"elementor-element elementor-element-b6ac8cd e-flex e-con-boxed e-con e-parent\" data-id=\"b6ac8cd\" data-element_type=\"container\" data-e-type=\"container\">\n\t\t\t\t\t<div class=\"e-con-inner\">\n\t\t\t\t<div class=\"elementor-element elementor-element-c118753 elementor-widget elementor-widget-spacer\" data-id=\"c118753\" data-element_type=\"widget\" data-e-type=\"widget\" data-widget_type=\"spacer.default\">\n\t\t\t\t\t\t\t<div class=\"elementor-spacer\">\n\t\t\t<div class=\"elementor-spacer-inner\"><\/div>\n\t\t<\/div>\n\t\t\t\t\t\t<\/div>\n\t\t\t\t\t<\/div>\n\t\t\t\t<\/div>\n\t\t\t\t<\/div>\n\t\t","protected":false},"excerpt":{"rendered":"<p>\u00c9lections provinciales de 2025 Quels sont les engagements des candidats d&rsquo;Ottawa en mati\u00e8re d&rsquo;alimentation et d&rsquo;agriculture ? Cliquez sur ce bouton pour en savoir plus Nous continuerons \u00e0 publier toutes les r\u00e9ponses au fur et \u00e0 mesure qu&rsquo;elles nous parviennent. re\u00e7ues. N&rsquo;h\u00e9sitez pas \u00e0 diffuser largement ces r\u00e9sultats ! Une information rapide \u00e0 ajouter \u00e0 [&hellip;]<\/p>\n","protected":false},"author":1,"featured_media":0,"parent":1670,"menu_order":0,"comment_status":"closed","ping_status":"closed","template":"","meta":{"footnotes":""},"class_list":["post-1677","page","type-page","status-publish","hentry"],"_links":{"self":[{"href":"https:\/\/ofpc-cpao.ca\/fr\/wp-json\/wp\/v2\/pages\/1677","targetHints":{"allow":["GET"]}}],"collection":[{"href":"https:\/\/ofpc-cpao.ca\/fr\/wp-json\/wp\/v2\/pages"}],"about":[{"href":"https:\/\/ofpc-cpao.ca\/fr\/wp-json\/wp\/v2\/types\/page"}],"author":[{"embeddable":true,"href":"https:\/\/ofpc-cpao.ca\/fr\/wp-json\/wp\/v2\/users\/1"}],"replies":[{"embeddable":true,"href":"https:\/\/ofpc-cpao.ca\/fr\/wp-json\/wp\/v2\/comments?post=1677"}],"version-history":[{"count":3,"href":"https:\/\/ofpc-cpao.ca\/fr\/wp-json\/wp\/v2\/pages\/1677\/revisions"}],"predecessor-version":[{"id":1680,"href":"https:\/\/ofpc-cpao.ca\/fr\/wp-json\/wp\/v2\/pages\/1677\/revisions\/1680"}],"up":[{"embeddable":true,"href":"https:\/\/ofpc-cpao.ca\/fr\/wp-json\/wp\/v2\/pages\/1670"}],"wp:attachment":[{"href":"https:\/\/ofpc-cpao.ca\/fr\/wp-json\/wp\/v2\/media?parent=1677"}],"curies":[{"name":"wp","href":"https:\/\/api.w.org\/{rel}","templated":true}]}}