{"id":1674,"date":"2022-04-25T17:06:56","date_gmt":"2022-04-25T21:06:56","guid":{"rendered":"https:\/\/ofpc-cpao.ca\/actions\/elections-provinciales\/elections-provinciales-de-2022\/"},"modified":"2026-04-16T15:47:44","modified_gmt":"2026-04-16T19:47:44","slug":"elections-provinciales-de-2022","status":"publish","type":"page","link":"https:\/\/ofpc-cpao.ca\/fr\/actions\/elections-provinciales\/elections-provinciales-de-2022\/","title":{"rendered":"\u00c9lections provinciales de 2022"},"content":{"rendered":"\n<h1 class=\"wp-block-heading\">\u00c9lections provinciales de 2022<\/h1>\n\n<hr class=\"wp-block-separator has-alpha-channel-opacity is-style-wide\" \/>\n\n<h2 class=\"wp-block-heading\"><strong>Que disent vos candidats ?<\/strong><\/h2>\n\n<h2 class=\"wp-block-heading\"><strong>Informez-vous avant de voter ! <\/strong><\/h2>\n\n<h2 class=\"wp-block-heading\"><strong>\u00c9lections provinciales &#8211; Jeudi 2 juin 2022<\/strong><\/h2>\n\n<p><strong>Votez pour l&rsquo;alimentation et l&rsquo;agriculture !<\/strong><\/p>\n\n<h2 class=\"wp-block-heading\"><strong><a href=\"https:\/\/docs.google.com\/spreadsheets\/d\/e\/2PACX-1vQ8lcKXXf9Ofg7NbMlNIoTblHE_xMgbVxRfXcHJAdaZiqWQ_3gpw4t6cyH6tT_mIwOEIlv1ef9nzYAY\/pubhtml?gid=0&amp;single=true\" target=\"_blank\" rel=\"noopener noreferrer nofollow\">\u2192 Cliquez ici pour consulter toutes les r\u00e9ponses des candidats re\u00e7ues \u00e0 ce jour  <\/a><\/strong><\/h2>\n\n<p>Vous pouvez \u00e9galement cliquer sur les noms des personnes ci-dessous pour consulter leur enqu\u00eate.<\/p>\n\n<h2 class=\"wp-block-heading\"><strong><a href=\"https:\/\/docs.google.com\/spreadsheets\/d\/e\/2PACX-1vQ8lcKXXf9Ofg7NbMlNIoTblHE_xMgbVxRfXcHJAdaZiqWQ_3gpw4t6cyH6tT_mIwOEIlv1ef9nzYAY\/pubhtml?gid=0&amp;single=true\" target=\"_blank\" rel=\"noopener noreferrer nofollow\">\u2192 <\/a><\/strong><a href=\"https:\/\/ofpc-cpao.ca\/fr\/un-systeme-alimentaire-juste-durable-et-resilient-pour-lontario-est-a-lordre-du-jour-de-ces-elections-provinciales\/\">Pourquoi est-ce important ?<\/a><\/h2>\n\n<p>Elles sont class\u00e9es par circonscription et par ordre de r\u00e9ception de la r\u00e9ponse :<\/p>\n\n<ul class=\"wp-block-list\"><li><strong>Carleton <\/strong><a href=\"https:\/\/ofpc-cpao.ca\/wp-content\/uploads\/2022\/05\/OPFC-Provincial-Candidate-Survey-2022-Dan-OBrien-NDP.pdf\">(Kevin St. Denis<\/a>, NPD ; Cody Zulinski, Vert)<\/li><li><strong>Kanata-Carleton <\/strong><a rel=\"noreferrer noopener\" href=\"https:\/\/ofpc-cpao.ca\/wp-content\/uploads\/2022\/05\/OPFC-Provincial-Candidate-Survey-2022-Dan-OBrien-NDP.pdf\" target=\"_blank\">(Melissa Coenraad<\/a>, NPD)<\/li><li><strong>Nepean<\/strong><a href=\"https:\/\/ofpc-cpao.ca\/wp-content\/uploads\/2022\/05\/OPFC-Provincial-Candidate-Survey-2022-Dan-OBrien-NDP.pdf\">(Brian Double<\/a>, NPD)<\/li><li><strong>Orl\u00e9ans<\/strong><a rel=\"noreferrer noopener\" href=\"https:\/\/ofpc-cpao.ca\/wp-content\/uploads\/2022\/05\/OPFC-Provincial-Candidate-Survey-2022-Stephen-Blais-Liberal.pdf\" target=\"_blank\">(Stephen Blais<\/a>, lib\u00e9ral ; <a rel=\"noreferrer noopener\" href=\"https:\/\/ofpc-cpao.ca\/wp-content\/uploads\/2022\/05\/OPFC-Provincial-Candidate-Survey-2022-Michelle-Peterson-Green.pdf\" target=\"_blank\">Michelle Petersen<\/a>, vert ; <a href=\"https:\/\/ofpc-cpao.ca\/wp-content\/uploads\/2022\/05\/OPFC-Provincial-Candidate-Survey-2022-Dan-OBrien-NDP.pdf\">Gabe Bourdon<\/a>, NPD)<\/li><li><strong>Ottawa Centre<\/strong><a rel=\"noreferrer noopener\" href=\"https:\/\/ofpc-cpao.ca\/wp-content\/uploads\/2022\/05\/OPFC-Provincial-Candidate-Survey-2022-Shelby-Bertrand-Green.pdf\" target=\"_blank\">(Shelby Bertrand<\/a>, Verts ; <a href=\"https:\/\/ofpc-cpao.ca\/wp-content\/uploads\/2022\/05\/OPFC-Provincial-Candidate-Survey-2022-Dan-OBrien-NDP.pdf\">Joel Harden<\/a>, NPD)<\/li><li><strong>Ottawa-Sud<\/strong><a rel=\"noreferrer noopener\" href=\"https:\/\/ofpc-cpao.ca\/wp-content\/uploads\/2022\/05\/OPFC-Provincial-Candidate-Survey-2022-%E2%80%93-John-Fraser-%E2%80%93-Liberal.pdf\" target=\"_blank\">(John Fraser<\/a>, lib\u00e9ral ; <a href=\"https:\/\/ofpc-cpao.ca\/wp-content\/uploads\/2022\/05\/OPFC-Provincial-Candidate-Survey-2022-Dan-OBrien-NDP.pdf\">Morgan Gay<\/a>, NPD)<\/li><li><strong>Ottawa-Vanier <\/strong><a href=\"https:\/\/ofpc-cpao.ca\/wp-content\/uploads\/2022\/05\/OPFC-Provincial-Candidate-Survey-2022-Dan-OBrien-NDP.pdf\">(Lyra Evans<\/a>, NPD)<\/li><li><strong>Ottawa-Ouest &#8211; Nepean <\/strong><a rel=\"noreferrer noopener\" href=\"https:\/\/ofpc-cpao.ca\/wp-content\/uploads\/2022\/05\/OPFC-Provincial-Candidate-Survey-2022-Steven-Warren-Green-compressed.pdf\" target=\"_blank\">(Steven Warren<\/a>, Vert ; <a rel=\"noreferrer noopener\" href=\"https:\/\/ofpc-cpao.ca\/wp-content\/uploads\/2022\/05\/OPFC-Provincial-Candidate-Survey-2022-%E2%80%93-Sam-Bhalsar-%E2%80%93-Liberal.pdf\" target=\"_blank\">Sam Bhalesar<\/a>, Lib\u00e9ral ; <a href=\"https:\/\/ofpc-cpao.ca\/wp-content\/uploads\/2022\/05\/OPFC-Provincial-Candidate-Survey-2022-Dan-OBrien-NDP.pdf\">Chandra Pasma<\/a>, NPD)<\/li><\/ul>\n\n<p>Vous ne voyez pas tous les candidats de votre circonscription ?  <\/p>\n\n<p>Prenez contact avec eux et faites-leur savoir que l&rsquo;alimentation est une question \u00e9lectorale importante pour vous !<\/p>\n\n<p>Vous pouvez partager <strong><a href=\"https:\/\/ofpc-cpao.ca\/wp-content\/uploads\/2022\/05\/2022-Provincial-Candidate-Survey_FINALPA.pdf\">cette enqu\u00eate<\/a><\/strong> \u00e0 vos candidats et leur demander de nous la renvoyer pour que nous l&rsquo;ajoutions \u00e0 cette page.<\/p>\n\n<hr class=\"wp-block-separator has-alpha-channel-opacity\" \/>\n\n<h2 class=\"wp-block-heading\"><strong>D&rsquo;o\u00f9 viennent les questions ?<\/strong><\/h2>\n\n<p>Le CPAO est membre de Sustain Ontario et s&rsquo;est associ\u00e9 \u00e0 cette campagne pour de <a href=\"https:\/\/sustainontario.com\/vote-on-food\" target=\"_blank\" rel=\"noreferrer noopener\">bonnes id\u00e9es en mati\u00e8re d&rsquo;alimentation et d&rsquo;agriculture en Ontario<\/a>, afin que chacun puisse voter pour l&rsquo;alimentation et l&rsquo;agriculture. Les questions pos\u00e9es aux candidats sont issues de cette campagne. <\/p>\n\n<p>Les candidats ont re\u00e7u cette <a href=\"https:\/\/ofpc-cpao.ca\/wp-content\/uploads\/2022\/05\/2022-Provincial-Candidate-Survey.pdf\" target=\"_blank\" rel=\"noreferrer noopener\">liste de<\/a> points prioritaires du CPAO et de Sustain Ontario concernant l&rsquo;alimentation qui pourraient \u00eatre mis en avant et ajout\u00e9s \u00e0 l&rsquo;ordre du jour l\u00e9gislatif des comit\u00e9s permanents afin de travailler \u00e0 un syst\u00e8me alimentaire global plus durable pour Ottawa.  <\/p>\n\n<p>Le CPAO assurera le suivi aupr\u00e8s de tous les \u00e9lus.<\/p>\n\n<p><\/p>\n","protected":false},"excerpt":{"rendered":"<p>\u00c9lections provinciales de 2022 Que disent vos candidats ? Informez-vous avant de voter ! \u00c9lections provinciales &#8211; Jeudi 2 juin 2022 Votez pour l&rsquo;alimentation et l&rsquo;agriculture ! \u2192 Cliquez ici pour consulter toutes les r\u00e9ponses des candidats re\u00e7ues \u00e0 ce jour Vous pouvez \u00e9galement cliquer sur les noms des personnes ci-dessous pour consulter leur enqu\u00eate. [&hellip;]<\/p>\n","protected":false},"author":1,"featured_media":0,"parent":1670,"menu_order":0,"comment_status":"closed","ping_status":"closed","template":"","meta":{"footnotes":""},"class_list":["post-1674","page","type-page","status-publish","hentry"],"_links":{"self":[{"href":"https:\/\/ofpc-cpao.ca\/fr\/wp-json\/wp\/v2\/pages\/1674","targetHints":{"allow":["GET"]}}],"collection":[{"href":"https:\/\/ofpc-cpao.ca\/fr\/wp-json\/wp\/v2\/pages"}],"about":[{"href":"https:\/\/ofpc-cpao.ca\/fr\/wp-json\/wp\/v2\/types\/page"}],"author":[{"embeddable":true,"href":"https:\/\/ofpc-cpao.ca\/fr\/wp-json\/wp\/v2\/users\/1"}],"replies":[{"embeddable":true,"href":"https:\/\/ofpc-cpao.ca\/fr\/wp-json\/wp\/v2\/comments?post=1674"}],"version-history":[{"count":1,"href":"https:\/\/ofpc-cpao.ca\/fr\/wp-json\/wp\/v2\/pages\/1674\/revisions"}],"predecessor-version":[{"id":1675,"href":"https:\/\/ofpc-cpao.ca\/fr\/wp-json\/wp\/v2\/pages\/1674\/revisions\/1675"}],"up":[{"embeddable":true,"href":"https:\/\/ofpc-cpao.ca\/fr\/wp-json\/wp\/v2\/pages\/1670"}],"wp:attachment":[{"href":"https:\/\/ofpc-cpao.ca\/fr\/wp-json\/wp\/v2\/media?parent=1674"}],"curies":[{"name":"wp","href":"https:\/\/api.w.org\/{rel}","templated":true}]}}