{"id":1672,"date":"2022-04-25T17:05:26","date_gmt":"2022-04-25T21:05:26","guid":{"rendered":"https:\/\/ofpc-cpao.ca\/actions\/elections-provinciales\/elections-provinciales-2018\/"},"modified":"2026-04-16T15:46:49","modified_gmt":"2026-04-16T19:46:49","slug":"elections-provinciales-2018","status":"publish","type":"page","link":"https:\/\/ofpc-cpao.ca\/fr\/actions\/elections-provinciales\/elections-provinciales-2018\/","title":{"rendered":"\u00c9lections provinciales 2018"},"content":{"rendered":"\n<h1 class=\"wp-block-heading\">\u00c9lections provinciales 2018<\/h1>\n\n<h3 class=\"wp-block-heading\"><strong><span style=\"text-decoration: underline\">Informez-vous avant de voter ! Les \u00e9lections provinciales auront lieu le 7 juin 2018<\/span><\/strong><\/h3>\n\n<p>Les \u00e9lections provinciales auront lieu le 7 juin et il est temps de vous assurer que vous \u00eates bien inform\u00e9 avant de d\u00e9poser votre bulletin de vote !<\/p>\n\n<p>Dans la perspective des \u00e9lections ontariennes, Sustain Ontario a lanc\u00e9 une campagne de <a href=\"https:\/\/sustainontario.com\/vote-on-food\" target=\"_blank\" rel=\"noopener noreferrer nofollow\">bonnes id\u00e9es en mati\u00e8re d&rsquo;alimentation et d&rsquo;agriculture pour l&rsquo;Ontario<\/a>, afin que vous puissiez voter en faveur de l&rsquo;alimentation et de l&rsquo;agriculture.<\/p>\n\n<p>Vous pouvez \u00e9galement consulter les r\u00e9ponses aux questions pos\u00e9es par le <a href=\"http:\/\/www.nfuontario.ca\/wpr\/\" target=\"_blank\" rel=\"noopener noreferrer nofollow\">Syndicat national des agriculteurs de l&rsquo;Ontario<\/a> aux principaux partis politiques de la province <a href=\"http:\/\/www.nfuontario.ca\/wpr\/2018-election-questions\/\" target=\"_blank\" rel=\"noopener noreferrer nofollow\">ici.<\/a><\/p>\n","protected":false},"excerpt":{"rendered":"<p>\u00c9lections provinciales 2018 Informez-vous avant de voter ! Les \u00e9lections provinciales auront lieu le 7 juin 2018 Les \u00e9lections provinciales auront lieu le 7 juin et il est temps de vous assurer que vous \u00eates bien inform\u00e9 avant de d\u00e9poser votre bulletin de vote ! Dans la perspective des \u00e9lections ontariennes, Sustain Ontario a lanc\u00e9 [&hellip;]<\/p>\n","protected":false},"author":1,"featured_media":0,"parent":1670,"menu_order":0,"comment_status":"closed","ping_status":"closed","template":"","meta":{"footnotes":""},"class_list":["post-1672","page","type-page","status-publish","hentry"],"_links":{"self":[{"href":"https:\/\/ofpc-cpao.ca\/fr\/wp-json\/wp\/v2\/pages\/1672","targetHints":{"allow":["GET"]}}],"collection":[{"href":"https:\/\/ofpc-cpao.ca\/fr\/wp-json\/wp\/v2\/pages"}],"about":[{"href":"https:\/\/ofpc-cpao.ca\/fr\/wp-json\/wp\/v2\/types\/page"}],"author":[{"embeddable":true,"href":"https:\/\/ofpc-cpao.ca\/fr\/wp-json\/wp\/v2\/users\/1"}],"replies":[{"embeddable":true,"href":"https:\/\/ofpc-cpao.ca\/fr\/wp-json\/wp\/v2\/comments?post=1672"}],"version-history":[{"count":1,"href":"https:\/\/ofpc-cpao.ca\/fr\/wp-json\/wp\/v2\/pages\/1672\/revisions"}],"predecessor-version":[{"id":1673,"href":"https:\/\/ofpc-cpao.ca\/fr\/wp-json\/wp\/v2\/pages\/1672\/revisions\/1673"}],"up":[{"embeddable":true,"href":"https:\/\/ofpc-cpao.ca\/fr\/wp-json\/wp\/v2\/pages\/1670"}],"wp:attachment":[{"href":"https:\/\/ofpc-cpao.ca\/fr\/wp-json\/wp\/v2\/media?parent=1672"}],"curies":[{"name":"wp","href":"https:\/\/api.w.org\/{rel}","templated":true}]}}