{"id":1667,"date":"2022-04-25T16:59:52","date_gmt":"2022-04-25T20:59:52","guid":{"rendered":"https:\/\/ofpc-cpao.ca\/actions\/reamenagement-de-lhopital-dottawa\/"},"modified":"2026-04-16T15:45:18","modified_gmt":"2026-04-16T19:45:18","slug":"reamenagement-de-lhopital-dottawa","status":"publish","type":"page","link":"https:\/\/ofpc-cpao.ca\/fr\/actions\/reamenagement-de-lhopital-dottawa\/","title":{"rendered":"R\u00e9am\u00e9nagement de l&rsquo;h\u00f4pital d&rsquo;Ottawa"},"content":{"rendered":"\n<h1 class=\"wp-block-heading\">R\u00e9am\u00e9nagement de l&rsquo;h\u00f4pital d&rsquo;Ottawa<\/h1>\n\n<p>Le CPAO plaide pour que le nouvel h\u00f4pital civique d\u00e9veloppe un syst\u00e8me alimentaire autonome en utilisant le paysage biologique sur les 50 acres de la propri\u00e9t\u00e9 de la ferme exp\u00e9rimentale de la CCN pour cultiver ses propres aliments et nourrir le personnel et les visiteurs de l&rsquo;h\u00f4pital.  <\/p>\n\n<p>Voir ici pour plus d&rsquo;informations sur le travail du CPAO sur le r\u00e9am\u00e9nagement de l&rsquo;H\u00f4pital d&rsquo;Ottawa.<\/p>\n\n<p>Lettre envoy\u00e9e \u00e0 Cameron Love, pr\u00e9sident-directeur g\u00e9n\u00e9ral de l&rsquo;H\u00f4pital d&rsquo;Ottawa : <a href=\"https:\/\/ofpc-cpao.ca\/wp-content\/uploads\/2022\/04\/Civic-Hospital-Redevelopment-OFPC-letter.pdf\">ici<\/a><\/p>\n","protected":false},"excerpt":{"rendered":"<p>R\u00e9am\u00e9nagement de l&rsquo;h\u00f4pital d&rsquo;Ottawa Le CPAO plaide pour que le nouvel h\u00f4pital civique d\u00e9veloppe un syst\u00e8me alimentaire autonome en utilisant le paysage biologique sur les 50 acres de la propri\u00e9t\u00e9 de la ferme exp\u00e9rimentale de la CCN pour cultiver ses propres aliments et nourrir le personnel et les visiteurs de l&rsquo;h\u00f4pital. Voir ici pour plus [&hellip;]<\/p>\n","protected":false},"author":1,"featured_media":0,"parent":1598,"menu_order":0,"comment_status":"closed","ping_status":"closed","template":"","meta":{"footnotes":""},"class_list":["post-1667","page","type-page","status-publish","hentry"],"_links":{"self":[{"href":"https:\/\/ofpc-cpao.ca\/fr\/wp-json\/wp\/v2\/pages\/1667","targetHints":{"allow":["GET"]}}],"collection":[{"href":"https:\/\/ofpc-cpao.ca\/fr\/wp-json\/wp\/v2\/pages"}],"about":[{"href":"https:\/\/ofpc-cpao.ca\/fr\/wp-json\/wp\/v2\/types\/page"}],"author":[{"embeddable":true,"href":"https:\/\/ofpc-cpao.ca\/fr\/wp-json\/wp\/v2\/users\/1"}],"replies":[{"embeddable":true,"href":"https:\/\/ofpc-cpao.ca\/fr\/wp-json\/wp\/v2\/comments?post=1667"}],"version-history":[{"count":1,"href":"https:\/\/ofpc-cpao.ca\/fr\/wp-json\/wp\/v2\/pages\/1667\/revisions"}],"predecessor-version":[{"id":1669,"href":"https:\/\/ofpc-cpao.ca\/fr\/wp-json\/wp\/v2\/pages\/1667\/revisions\/1669"}],"up":[{"embeddable":true,"href":"https:\/\/ofpc-cpao.ca\/fr\/wp-json\/wp\/v2\/pages\/1598"}],"wp:attachment":[{"href":"https:\/\/ofpc-cpao.ca\/fr\/wp-json\/wp\/v2\/media?parent=1667"}],"curies":[{"name":"wp","href":"https:\/\/api.w.org\/{rel}","templated":true}]}}