{"id":1618,"date":"2022-10-06T12:12:19","date_gmt":"2022-10-06T16:12:19","guid":{"rendered":"https:\/\/ofpc-cpao.ca\/actions\/elections-municipales\/2022-elections-municipales\/"},"modified":"2026-04-16T15:42:56","modified_gmt":"2026-04-16T19:42:56","slug":"2022-elections-municipales","status":"publish","type":"page","link":"https:\/\/ofpc-cpao.ca\/fr\/actions\/elections-municipales\/2022-elections-municipales\/","title":{"rendered":"2022 (\u00e9lections municipales)"},"content":{"rendered":"\n<p class=\"has-large-font-size\"><strong><strong>Votez le lundi 24 octobre pour des candidats qui se soucient de Des aliments pour tous et de l&rsquo;agriculture locale !<\/strong><\/strong><\/p>\n\n<blockquote class=\"wp-block-quote is-style-default has-background has-medium-font-size is-layout-flow wp-block-quote-is-layout-flow\" style=\"background-color:#64a9de0f\"><p><strong>Cliquez pour voir comment vos candidats \u00e0 la mairie ont r\u00e9pondu :<\/strong><br\/><strong><a href=\"https:\/\/docs.google.com\/spreadsheets\/d\/e\/2PACX-1vTN-mK6_zrzqX_YUyzMeVqx0gtnivsrPVbucWY8QNrppwxq8k1lV4r8TM0iBq5k8BytGQLMf6FplXDG\/pubhtml?gid=0&amp;single=true\" target=\"_blank\" rel=\"noopener noreferrer nofollow\">R\u00e9sultats du sondage sur la bonne alimentation pour les candidats \u00e0 la mairie d&rsquo;Ottawa 2022 <\/a><\/strong> <\/p><\/blockquote>\n\n<blockquote class=\"wp-block-quote has-background has-medium-font-size is-layout-flow wp-block-quote-is-layout-flow\" style=\"background-color:#64a9de0f\"><p><strong>Cliquez pour voir comment vos candidats conseillers ont r\u00e9agi :<\/strong><\/p><p><strong><a href=\"https:\/\/docs.google.com\/spreadsheets\/d\/e\/2PACX-1vTN-mK6_zrzqX_YUyzMeVqx0gtnivsrPVbucWY8QNrppwxq8k1lV4r8TM0iBq5k8BytGQLMf6FplXDG\/pubhtml\" target=\"_blank\" rel=\"noopener noreferrer nofollow\">R\u00e9sultats de l&rsquo;enqu\u00eate sur la bonne alimentation pour les candidats au poste de conseiller municipal d&rsquo;Ottawa 2022  <\/a><\/strong><\/p><\/blockquote>\n\n<hr class=\"wp-block-separator has-text-color has-white-color has-alpha-channel-opacity has-white-background-color has-background\" \/>\n\n<blockquote class=\"wp-block-quote has-background has-medium-font-size is-layout-flow wp-block-quote-is-layout-flow\" style=\"background-color:#64a9de0f\"><p><strong>Cliquez pour voir comment les candidats aux postes de conseillers scolaires ont r\u00e9pondu :<\/strong><br\/><strong><a href=\"https:\/\/docs.google.com\/spreadsheets\/d\/e\/2PACX-1vS0KEMcSqOAVkz5F09EFSPElvaA4qDMHeoyLGtUGRoS39Y8cjXOzAhdWrvLZr4H0s5fP9VdWtSOZrr6\/pubhtml?urp=gmail_link\" target=\"_blank\" rel=\"noopener noreferrer nofollow\">R\u00e9sultats du sondage sur la bonne alimentation \u00e0 l&rsquo;intention des candidats aux postes de conseillers scolaires de la municipalit\u00e9 d&rsquo;Ottawa 2022<\/a><\/strong><\/p><p><\/p><\/blockquote>\n\n<p><em>Vous ne voyez pas de candidats dans votre circonscription\/zone ? Contactez-les et faites-leur savoir que l&rsquo;alimentation est un enjeu \u00e9lectoral important !<\/em><\/p>\n\n<hr class=\"wp-block-separator has-text-color has-white-color has-alpha-channel-opacity has-white-background-color has-background\" \/>\n\n<hr class=\"wp-block-separator has-alpha-channel-opacity\" \/>\n\n<h3 class=\"wp-block-heading\">Plus d&rsquo;informations sur cette enqu\u00eate<\/h3>\n\n<p class=\"has-medium-font-size\"><strong>Consultez notre communiqu\u00e9 de presse <a href=\"https:\/\/ofpc-cpao.ca\/fr\/\" data-type=\"page\" data-id=\"2\">ici<\/a><\/strong><\/p>\n\n<p>Les prix et l&rsquo;ins\u00e9curit\u00e9 alimentaire faisant les manchettes presque quotidiennement, nous croyons que les r\u00e9sidents d&rsquo;Ottawa devraient savoir comment les candidats au Conseil municipal, au poste de maire et au poste de conseiller scolaire se feront les champions de la bonne alimentation pendant leur mandat d&rsquo;\u00e9lu. Nous avons travaill\u00e9 avec des organisations partenaires pour \u00e9laborer deux courts sondages \u00e0 l&rsquo;intention des candidats afin de leur montrer s&rsquo;ils seront des leaders dans notre ville et comment ils le seront en ce qui concerne les questions cl\u00e9s de la politique alimentaire qui touchent les r\u00e9sidents.<\/p>\n\n<p>Veuillez noter que les coordonn\u00e9es de chaque candidat ont \u00e9t\u00e9 extraites de la page web de la ville d&rsquo;Ottawa : <a href=\"https:\/\/ottawa.ca\/en\/city-hall\/elections\/2022-municipal-elections\/certified-and-acclaimed-candidates-and-registered-third-party-advertisers#\" target=\"_blank\" rel=\"noopener noreferrer nofollow\">Candidats certifi\u00e9s et \u00e9lus par acclamation et annonceurs tiers enregistr\u00e9s<\/a>.<\/p>\n\n<p>Vous pouvez consulter toutes les r\u00e9ponses \u00e0 l&rsquo;enqu\u00eate re\u00e7ues <strong>ici<\/strong> lorsqu&rsquo;elles seront disponibles.<\/p>\n\n<p style=\"font-size:14px\">1 &#8211; R\u00e9f\u00e9rence de l&rsquo;article <a href=\"https:\/\/ottawa.ctvnews.ca\/tight-race-between-mckenney-and-sutcliffe-for-ottawa-mayor-35-per-cent-undecided-nanos-poll-1.6098733\" target=\"_blank\" rel=\"noopener noreferrer nofollow\">: https:\/\/ottawa.ctvnews.ca\/tight-race-between-mckenney-and-sutcliffe-for-ottawa-mayor-35-per-cent-undecided-nanos-poll-1.6098733<\/a><\/p>\n","protected":false},"excerpt":{"rendered":"<p>Votez le lundi 24 octobre pour des candidats qui se soucient de Des aliments pour tous et de l&rsquo;agriculture locale ! Cliquez pour voir comment vos candidats \u00e0 la mairie ont r\u00e9pondu :R\u00e9sultats du sondage sur la bonne alimentation pour les candidats \u00e0 la mairie d&rsquo;Ottawa 2022 Cliquez pour voir comment vos candidats conseillers ont [&hellip;]<\/p>\n","protected":false},"author":1,"featured_media":0,"parent":1614,"menu_order":0,"comment_status":"closed","ping_status":"closed","template":"","meta":{"footnotes":""},"class_list":["post-1618","page","type-page","status-publish","hentry"],"_links":{"self":[{"href":"https:\/\/ofpc-cpao.ca\/fr\/wp-json\/wp\/v2\/pages\/1618","targetHints":{"allow":["GET"]}}],"collection":[{"href":"https:\/\/ofpc-cpao.ca\/fr\/wp-json\/wp\/v2\/pages"}],"about":[{"href":"https:\/\/ofpc-cpao.ca\/fr\/wp-json\/wp\/v2\/types\/page"}],"author":[{"embeddable":true,"href":"https:\/\/ofpc-cpao.ca\/fr\/wp-json\/wp\/v2\/users\/1"}],"replies":[{"embeddable":true,"href":"https:\/\/ofpc-cpao.ca\/fr\/wp-json\/wp\/v2\/comments?post=1618"}],"version-history":[{"count":1,"href":"https:\/\/ofpc-cpao.ca\/fr\/wp-json\/wp\/v2\/pages\/1618\/revisions"}],"predecessor-version":[{"id":1619,"href":"https:\/\/ofpc-cpao.ca\/fr\/wp-json\/wp\/v2\/pages\/1618\/revisions\/1619"}],"up":[{"embeddable":true,"href":"https:\/\/ofpc-cpao.ca\/fr\/wp-json\/wp\/v2\/pages\/1614"}],"wp:attachment":[{"href":"https:\/\/ofpc-cpao.ca\/fr\/wp-json\/wp\/v2\/media?parent=1618"}],"curies":[{"name":"wp","href":"https:\/\/api.w.org\/{rel}","templated":true}]}}