{"id":1612,"date":"2022-04-25T17:09:47","date_gmt":"2022-04-25T21:09:47","guid":{"rendered":"https:\/\/ofpc-cpao.ca\/actions\/politique-alimentaire\/"},"modified":"2026-04-16T15:34:27","modified_gmt":"2026-04-16T19:34:27","slug":"politique-alimentaire","status":"publish","type":"page","link":"https:\/\/ofpc-cpao.ca\/fr\/actions\/politique-alimentaire\/","title":{"rendered":"Politique alimentaire"},"content":{"rendered":"\n<h1 class=\"wp-block-heading\">Une politique alimentaire pour le Canada<\/h1>\n\n<h2 class=\"wp-block-heading\">Le CPAO s&rsquo;est engag\u00e9 aupr\u00e8s des minist\u00e8res f\u00e9d\u00e9raux et des membres \u00e9lus du Parlement pour plaider en faveur de l&rsquo;inclusion de plusieurs consid\u00e9rations fondamentales lors de l&rsquo;\u00e9laboration d&rsquo;une politique alimentaire pour le Canada.  <\/h2>\n\n<h2 class=\"wp-block-heading\"><strong>R\u00e9ponse du CPAO \u00e0 la consultation : Une politique alimentaire pour le Canada<\/strong><\/h2>\n\n<p>Entre le 29 mai et le 31 ao\u00fbt 2017, une enqu\u00eate en ligne a \u00e9t\u00e9 lanc\u00e9e pour consulter les Canadiens et leur donner l&rsquo;occasion de faire part de leurs convictions sur ce qu&rsquo;il \u00e9tait le plus important pour eux d&rsquo;inclure dans une <a href=\"https:\/\/www.canada.ca\/en\/campaign\/food-policy.html\" target=\"_blank\" rel=\"noopener noreferrer nofollow\">politique alimentaire nationale pour le Canada<\/a>.<\/p>\n\n<p>Au cours de cette consultation, le Conseil des politiques alimentaires d&rsquo;Ottawa a r\u00e9dig\u00e9 une lettre dans laquelle il mettait l&rsquo;accent sur les \u00e9l\u00e9ments qu&rsquo;il estimait important de prendre en consid\u00e9ration.  <\/p>\n\n<h4 class=\"wp-block-heading\"><strong>Actions :<\/strong><\/h4>\n\n<ul class=\"wp-block-list\"><li>Le Conseil des politiques alimentaires d&rsquo;Ottawa a r\u00e9dig\u00e9 une <a href=\"https:\/\/ofpc-cpao.ca\/wp-content\/uploads\/2018\/03\/OFPC-Letter-to-Minister-MacAulay-29-Sept-2017-Final.pdf\">r\u00e9ponse officielle<\/a>, adress\u00e9e \u00e0 l&rsquo;honorable Lawrence MacAulay, ministre de l&rsquo;Agriculture et de l&rsquo;Agroalimentaire du Canada, dans laquelle ils ont soulign\u00e9 ce qu&rsquo;ils estimaient important d&rsquo;\u00eatre pris en compte dans la politique alimentaire nationale(septembre 2017).<\/li><\/ul>\n\n<h4 class=\"wp-block-heading\"><strong>Recommandations :<\/strong><\/h4>\n\n<ol class=\"wp-block-list\"><li>Recommandation 1 : les Canadiens ont besoin d&rsquo;une politique alimentaire fond\u00e9e sur une approche syst\u00e9mique<\/li><li>Recommandation 2 : Les Canadiens ont besoin d&rsquo;une politique alimentaire r\u00e9gie par la transparence, la responsabilit\u00e9 et l&rsquo;absence de conflits d&rsquo;int\u00e9r\u00eats.<\/li><li>Recommandation 3 : Les Canadiens ont besoin d&rsquo;une politique alimentaire qui renforce l&rsquo;alphab\u00e9tisation, la sant\u00e9 et la durabilit\u00e9.<\/li><li>Recommandation 4 : Les Canadiens ont besoin d&rsquo;une politique alimentaire qui am\u00e9liore l&rsquo;acc\u00e8s \u00e0 la nourriture.<\/li><li>Recommandation 5 : Les Canadiens ont besoin d&rsquo;une politique alimentaire qui respecte leur souverainet\u00e9 alimentaire<\/li><li>Recommandation 6 : Les Canadiens ont besoin d&rsquo;une politique alimentaire qui facilite un syst\u00e8me alimentaire s\u00fbr et tra\u00e7able.<\/li><\/ol>\n\n<p><\/p>\n","protected":false},"excerpt":{"rendered":"<p>Une politique alimentaire pour le Canada Le CPAO s&rsquo;est engag\u00e9 aupr\u00e8s des minist\u00e8res f\u00e9d\u00e9raux et des membres \u00e9lus du Parlement pour plaider en faveur de l&rsquo;inclusion de plusieurs consid\u00e9rations fondamentales lors de l&rsquo;\u00e9laboration d&rsquo;une politique alimentaire pour le Canada. R\u00e9ponse du CPAO \u00e0 la consultation : Une politique alimentaire pour le Canada Entre le 29 [&hellip;]<\/p>\n","protected":false},"author":1,"featured_media":0,"parent":1598,"menu_order":0,"comment_status":"closed","ping_status":"closed","template":"","meta":{"footnotes":""},"class_list":["post-1612","page","type-page","status-publish","hentry"],"_links":{"self":[{"href":"https:\/\/ofpc-cpao.ca\/fr\/wp-json\/wp\/v2\/pages\/1612","targetHints":{"allow":["GET"]}}],"collection":[{"href":"https:\/\/ofpc-cpao.ca\/fr\/wp-json\/wp\/v2\/pages"}],"about":[{"href":"https:\/\/ofpc-cpao.ca\/fr\/wp-json\/wp\/v2\/types\/page"}],"author":[{"embeddable":true,"href":"https:\/\/ofpc-cpao.ca\/fr\/wp-json\/wp\/v2\/users\/1"}],"replies":[{"embeddable":true,"href":"https:\/\/ofpc-cpao.ca\/fr\/wp-json\/wp\/v2\/comments?post=1612"}],"version-history":[{"count":1,"href":"https:\/\/ofpc-cpao.ca\/fr\/wp-json\/wp\/v2\/pages\/1612\/revisions"}],"predecessor-version":[{"id":1613,"href":"https:\/\/ofpc-cpao.ca\/fr\/wp-json\/wp\/v2\/pages\/1612\/revisions\/1613"}],"up":[{"embeddable":true,"href":"https:\/\/ofpc-cpao.ca\/fr\/wp-json\/wp\/v2\/pages\/1598"}],"wp:attachment":[{"href":"https:\/\/ofpc-cpao.ca\/fr\/wp-json\/wp\/v2\/media?parent=1612"}],"curies":[{"name":"wp","href":"https:\/\/api.w.org\/{rel}","templated":true}]}}