{"id":1610,"date":"2022-04-25T16:56:03","date_gmt":"2022-04-25T20:56:03","guid":{"rendered":"https:\/\/ofpc-cpao.ca\/actions\/le-gaspillage-alimentaire-comme-atout\/"},"modified":"2026-04-16T15:32:29","modified_gmt":"2026-04-16T19:32:29","slug":"le-gaspillage-alimentaire-comme-atout","status":"publish","type":"page","link":"https:\/\/ofpc-cpao.ca\/fr\/actions\/le-gaspillage-alimentaire-comme-atout\/","title":{"rendered":"Le \u00ab\u00a0gaspillage\u00a0\u00bb alimentaire comme atout"},"content":{"rendered":"\n<h1 class=\"wp-block-heading\">Le \u00ab\u00a0gaspillage\u00a0\u00bb alimentaire comme atout<\/h1>\n\n<p>Le gaspillage alimentaire se produit \u00e0 diff\u00e9rents niveaux du syst\u00e8me alimentaire : surproduction ou perte de nourriture lors de la r\u00e9colte ; stockage inad\u00e9quat entra\u00eenant une d\u00e9t\u00e9rioration ; perte ou d\u00e9t\u00e9rioration de nourriture lors du transport\/de la distribution ; gaspillage lors de la transformation ; gaspillage dans les \u00e9tablissements de vente en gros, de vente au d\u00e9tail ou dans les restaurants ; achat excessif ou jet de nourriture au niveau des m\u00e9nages.  <\/p>\n\n<p>Il y a une grande quantit\u00e9 de d\u00e9chets alimentaires \u00e0 Ottawa et dans tout le pays. Cela a des r\u00e9percussions \u00e9conomiques, sociales\/communautaires et environnementales.<\/p>\n\n<p>Au niveau local, nous pouvons lever les obstacles \u00e0 une gestion efficace des d\u00e9chets et au recyclage des aliments, notamment en am\u00e9liorant les programmes municipaux et en renfor\u00e7ant les connaissances en mati\u00e8re d&rsquo;alimentation. De plus, nous pouvons recadrer la fa\u00e7on dont nous abordons cette question, en consid\u00e9rant le \u00ab\u00a0gaspillage\u00a0\u00bb alimentaire comme un \u00ab\u00a0atout\u00a0\u00bb ou une \u00ab\u00a0ressource\u00a0\u00bb. Par exemple, les d\u00e9chets alimentaires sont utilis\u00e9s dans le compost, qui aide \u00e0 restaurer les nutriments dans le sol.<\/p>\n\n<p>Pour en savoir plus, cliquez ici :<\/p>\n\n<p>LA R\u00c9DUCTION DES D\u00c9CHETS ALIMENTAIRES DES M\u00c9NAGES :  <\/p>\n\n<p><a href=\"http:\/\/sustainontario.com\/greenhouse\/custom\/uploads\/2016\/09\/FoodWasteToolkit_SustainOntario_2016.pdf\" target=\"_blank\" rel=\"noopener noreferrer nofollow\">Une bo\u00eete \u00e0 outils municipale-r\u00e9gionale<\/a> <a href=\"http:\/\/sustainontario.com\/greenhouse\/custom\/uploads\/2016\/09\/FoodWasteToolkit_SustainOntario_2016.pdf\" target=\"_blank\" rel=\"noopener noreferrer nofollow\">Bo\u00eete \u00e0 outils <\/a> <\/p>\n\n<p><a href=\"https:\/\/tfpc.to\/new-report-the-avoidable-crisis-of-food-waste\/\" target=\"_blank\" rel=\"noopener noreferrer nofollow\">Nouveau rapport &#8211; La crise \u00e9vitable du gaspillage alimentaire<\/a><\/p>\n\n<p><a href=\"https:\/\/mail.google.com\/mail\/u\/0\/?tab=rm&amp;ogbl#inbox\/FMfcgzGpFgtFbdgBNGrNpzHngZlNrTDr\" target=\"_blank\" rel=\"noopener noreferrer nofollow\">Solutions alimentaires circulaires au Canada<\/a><\/p>\n","protected":false},"excerpt":{"rendered":"<p>Le \u00ab\u00a0gaspillage\u00a0\u00bb alimentaire comme atout Le gaspillage alimentaire se produit \u00e0 diff\u00e9rents niveaux du syst\u00e8me alimentaire : surproduction ou perte de nourriture lors de la r\u00e9colte ; stockage inad\u00e9quat entra\u00eenant une d\u00e9t\u00e9rioration ; perte ou d\u00e9t\u00e9rioration de nourriture lors du transport\/de la distribution ; gaspillage lors de la transformation ; gaspillage dans les \u00e9tablissements de [&hellip;]<\/p>\n","protected":false},"author":1,"featured_media":0,"parent":1598,"menu_order":0,"comment_status":"closed","ping_status":"closed","template":"","meta":{"footnotes":""},"class_list":["post-1610","page","type-page","status-publish","hentry"],"_links":{"self":[{"href":"https:\/\/ofpc-cpao.ca\/fr\/wp-json\/wp\/v2\/pages\/1610","targetHints":{"allow":["GET"]}}],"collection":[{"href":"https:\/\/ofpc-cpao.ca\/fr\/wp-json\/wp\/v2\/pages"}],"about":[{"href":"https:\/\/ofpc-cpao.ca\/fr\/wp-json\/wp\/v2\/types\/page"}],"author":[{"embeddable":true,"href":"https:\/\/ofpc-cpao.ca\/fr\/wp-json\/wp\/v2\/users\/1"}],"replies":[{"embeddable":true,"href":"https:\/\/ofpc-cpao.ca\/fr\/wp-json\/wp\/v2\/comments?post=1610"}],"version-history":[{"count":1,"href":"https:\/\/ofpc-cpao.ca\/fr\/wp-json\/wp\/v2\/pages\/1610\/revisions"}],"predecessor-version":[{"id":1611,"href":"https:\/\/ofpc-cpao.ca\/fr\/wp-json\/wp\/v2\/pages\/1610\/revisions\/1611"}],"up":[{"embeddable":true,"href":"https:\/\/ofpc-cpao.ca\/fr\/wp-json\/wp\/v2\/pages\/1598"}],"wp:attachment":[{"href":"https:\/\/ofpc-cpao.ca\/fr\/wp-json\/wp\/v2\/media?parent=1610"}],"curies":[{"name":"wp","href":"https:\/\/api.w.org\/{rel}","templated":true}]}}