{"id":1608,"date":"2022-04-25T17:19:24","date_gmt":"2022-04-25T21:19:24","guid":{"rendered":"https:\/\/ofpc-cpao.ca\/actions\/elections-federales\/2021-elections-federales\/"},"modified":"2026-04-16T15:31:35","modified_gmt":"2026-04-16T19:31:35","slug":"2021-elections-federales","status":"publish","type":"page","link":"https:\/\/ofpc-cpao.ca\/fr\/actions\/elections-federales\/2021-elections-federales\/","title":{"rendered":"2021 (\u00e9lections f\u00e9d\u00e9rales)"},"content":{"rendered":"\n<h1 class=\"wp-block-heading\">2021 (\u00e9lections f\u00e9d\u00e9rales)<\/h1>\n\n<p><strong>\u00c9lections f\u00e9d\u00e9rales de 2021<\/strong><\/p>\n\n<p>D\u00e9couvrez comment les candidats \u00e0 Ottawa ont r\u00e9pondu \u00e0 notre enqu\u00eate sur la bonne alimentation.<\/p>\n\n<p>Un peu comme nous l&rsquo;avions fait lors des \u00e9lections f\u00e9d\u00e9rales de 2019, le Conseil des politiques alimentaires d&rsquo;Ottawa a envoy\u00e9 <a href=\"https:\/\/ofpc-cpao.ca\/wp-content\/uploads\/2021\/09\/2021-Federal-Election-Questions-and-Backgrounders-for-Candidates_BLANK_FINAL1-1.pdf\">une lettre<\/a> \u00e0 tous les candidats de la r\u00e9gion d&rsquo;Ottawa dans le but de faire de la bonne alimentation une priorit\u00e9 \u00e0 la Chambre des communes pour la prochaine l\u00e9gislature (2021-2025). Le CPAO a de nouveau demand\u00e9 aux candidats de r\u00e9pondre \u00e0 des questions concernant l&rsquo;int\u00e9gration de la bonne alimentation dans leur programme et de se faire les champions d&rsquo;une politique et d&rsquo;une prise de d\u00e9cision qui donnent la priorit\u00e9 \u00e0 la bonne alimentation au Canada. Nous vous invitons \u00e0 examiner les r\u00e9ponses des candidats et \u00e0 voter pour ceux qui favoriseront la mise en place de syst\u00e8mes alimentaires pour tous.<\/p>\n\n<p>\u2192 <a href=\"https:\/\/docs.google.com\/spreadsheets\/u\/2\/d\/e\/2PACX-1vRMk-0qTHBa-rFGb-RFiCjGRPRvPCOJ1_bWEIrJYmhNk0SDYDkt6mdNCb6SPck608Q9b5L0-j_t2M-D\/pubhtml?gid=64985267&amp;single=true\" target=\"_blank\" rel=\"noopener noreferrer nofollow\"><strong><strong>Cliquez ici pour voir toutes les r\u00e9ponses des candidats<\/strong><\/strong><\/a><\/p>\n\n<p>Nous avons re\u00e7u des r\u00e9ponses des circonscriptions et des candidats suivants, class\u00e9s par circonscription et par ordre de r\u00e9ception des r\u00e9ponses :<\/p>\n\n<ul class=\"wp-block-list\"><li><strong>Kanata-Carleton<\/strong> (Melissa Coenraad, NPD ; Jennifer Purdy, Vert)<\/li><li><strong>Ottawa Centre<\/strong> (Shelby Bertrand, Protection des animaux ; Angela Keller-Herzog, Verts ; Angella MacEwan, NPD ; Yasir Naqvi, Lib\u00e9raux ; Alex McDonald, Communiste)<\/li><li><strong>Ottawa-Sud<\/strong> (Les Schram, Verts)<\/li><li><strong>Ottawa-Vanier <\/strong>(Lyse-Pascale Inamuco, NPD)<\/li><\/ul>\n\n<p><strong>Si les candidats pour lesquels vous souhaitez voter ne figurent pas dans la liste ci-dessus<\/strong>, veuillez les contacter et leur demander de r\u00e9pondre \u00e0 l&rsquo;enqu\u00eate sur la bonne alimentation de la CPAO, car leurs r\u00e9ponses comptent pour votre vote<a href=\"https:\/\/docs.google.com\/spreadsheets\/d\/e\/2PACX-1vSOQ_Lb-QST1QwY5v_tTgQJCM9KvoCnit64PhD3XQdqQOiBNEhPAyfKiIr0Do-6AjodOPBoeg6s6g8o\/pubhtml?gid=693057257&amp;single=true\" target=\"_blank\" rel=\"noopener noreferrer nofollow\">.<\/a> Voici une liste des candidats \u00e0 Ottawa par circonscription et <a href=\"https:\/\/ofpc-cpao.ca\/wp-content\/uploads\/2021\/09\/2021-Federal-Election-Questions-and-Backgrounders-for-Candidates_BLANK_FINAL1-1.pdf\">voici<\/a> la lettre que nous leur avons envoy\u00e9e.<\/p>\n","protected":false},"excerpt":{"rendered":"<p>2021 (\u00e9lections f\u00e9d\u00e9rales) \u00c9lections f\u00e9d\u00e9rales de 2021 D\u00e9couvrez comment les candidats \u00e0 Ottawa ont r\u00e9pondu \u00e0 notre enqu\u00eate sur la bonne alimentation. Un peu comme nous l&rsquo;avions fait lors des \u00e9lections f\u00e9d\u00e9rales de 2019, le Conseil des politiques alimentaires d&rsquo;Ottawa a envoy\u00e9 une lettre \u00e0 tous les candidats de la r\u00e9gion d&rsquo;Ottawa dans le but [&hellip;]<\/p>\n","protected":false},"author":1,"featured_media":0,"parent":1604,"menu_order":0,"comment_status":"closed","ping_status":"closed","template":"","meta":{"footnotes":""},"class_list":["post-1608","page","type-page","status-publish","hentry"],"_links":{"self":[{"href":"https:\/\/ofpc-cpao.ca\/fr\/wp-json\/wp\/v2\/pages\/1608","targetHints":{"allow":["GET"]}}],"collection":[{"href":"https:\/\/ofpc-cpao.ca\/fr\/wp-json\/wp\/v2\/pages"}],"about":[{"href":"https:\/\/ofpc-cpao.ca\/fr\/wp-json\/wp\/v2\/types\/page"}],"author":[{"embeddable":true,"href":"https:\/\/ofpc-cpao.ca\/fr\/wp-json\/wp\/v2\/users\/1"}],"replies":[{"embeddable":true,"href":"https:\/\/ofpc-cpao.ca\/fr\/wp-json\/wp\/v2\/comments?post=1608"}],"version-history":[{"count":1,"href":"https:\/\/ofpc-cpao.ca\/fr\/wp-json\/wp\/v2\/pages\/1608\/revisions"}],"predecessor-version":[{"id":1609,"href":"https:\/\/ofpc-cpao.ca\/fr\/wp-json\/wp\/v2\/pages\/1608\/revisions\/1609"}],"up":[{"embeddable":true,"href":"https:\/\/ofpc-cpao.ca\/fr\/wp-json\/wp\/v2\/pages\/1604"}],"wp:attachment":[{"href":"https:\/\/ofpc-cpao.ca\/fr\/wp-json\/wp\/v2\/media?parent=1608"}],"curies":[{"name":"wp","href":"https:\/\/api.w.org\/{rel}","templated":true}]}}