{"id":1606,"date":"2022-04-25T17:18:22","date_gmt":"2022-04-25T21:18:22","guid":{"rendered":"https:\/\/ofpc-cpao.ca\/actions\/elections-federales\/2019-elections-federales\/"},"modified":"2026-04-16T15:27:32","modified_gmt":"2026-04-16T19:27:32","slug":"2019-elections-federales","status":"publish","type":"page","link":"https:\/\/ofpc-cpao.ca\/fr\/actions\/elections-federales\/2019-elections-federales\/","title":{"rendered":"2019 (\u00e9lections f\u00e9d\u00e9rales)"},"content":{"rendered":"\n<h1 class=\"wp-block-heading\">2019 (\u00e9lections f\u00e9d\u00e9rales)<\/h1>\n\n<h3 class=\"wp-block-heading\"><strong><span style=\"text-decoration: underline\">\u00c9lections f\u00e9d\u00e9rales 2019 &#8211; D\u00e9couvrez comment les candidats \u00e0 Ottawa ont r\u00e9pondu \u00e0 notre enqu\u00eate sur la bonne alimentation<\/span><\/strong><\/h3>\n\n<p>Le Conseil des politiques alimentaires d&rsquo;Ottawa a <a href=\"https:\/\/ofpc-cpao.ca\/blog\/2019\/10\/01\/ofpc-federal-election-letter-2019\/\">envoy\u00e9 une lettre<\/a> \u00e0 tous les candidats de la r\u00e9gion d&rsquo;Ottawa dans le but de faire de la bonne alimentation une priorit\u00e9 \u00e0 la Chambre des communes pour le prochain mandat (2020-2024). Le CPAO a demand\u00e9 aux candidats de r\u00e9pondre \u00e0 des questions concernant l&rsquo;int\u00e9gration de la bonne alimentation dans leur programme et de se faire les champions d&rsquo;une politique et d&rsquo;une prise de d\u00e9cision qui donnent la priorit\u00e9 \u00e0 la bonne alimentation au Canada. Nous vous invitons \u00e0 prendre connaissance des r\u00e9ponses des candidats.<\/p>\n\n<h3 class=\"wp-block-heading\"><a href=\"https:\/\/ofpc-cpao.ca\/wp-content\/uploads\/2019\/10\/OFPC-2019-Federal-Election-Survey-Responses1.pdf\"><strong>\u2192 Voir toutes les r\u00e9ponses des candidats<\/strong><\/a><\/h3>\n\n<p>Nous avons re\u00e7u des r\u00e9ponses des circonscriptions et des candidats suivants :<\/p>\n\n<ul class=\"wp-block-list\"><li><strong>Carleton <\/strong>(Chris Rodgers, lib\u00e9ral ; Gordon Kubanek, vert ; Kevin Hua, NPD)<\/li><li><strong>Ottawa-Vanier <\/strong>(Mona Fortier, Lib\u00e9ral ; Paul Durst, People&rsquo;s Party ; Oriana Ngabirano, Vert)  <\/li><li><strong>Ottawa-Centre <\/strong>(Angela Keller-Herzog, Verts ; Catherine McKenna, Lib\u00e9raux ; Emilie Taman, NPD)<\/li><li><strong>Kanata-Carleton <\/strong>(Jennifer Purdy, Vert)<\/li><li><strong>Orl\u00e9ans <\/strong>(Jacqui Wiens, NPD)<\/li><\/ul>\n\n<p><strong>Pontiac <\/strong>(Claude Bertrand, Vert)<\/p>\n","protected":false},"excerpt":{"rendered":"<p>2019 (\u00e9lections f\u00e9d\u00e9rales) \u00c9lections f\u00e9d\u00e9rales 2019 &#8211; D\u00e9couvrez comment les candidats \u00e0 Ottawa ont r\u00e9pondu \u00e0 notre enqu\u00eate sur la bonne alimentation Le Conseil des politiques alimentaires d&rsquo;Ottawa a envoy\u00e9 une lettre \u00e0 tous les candidats de la r\u00e9gion d&rsquo;Ottawa dans le but de faire de la bonne alimentation une priorit\u00e9 \u00e0 la Chambre des [&hellip;]<\/p>\n","protected":false},"author":1,"featured_media":0,"parent":1604,"menu_order":0,"comment_status":"closed","ping_status":"closed","template":"","meta":{"footnotes":""},"class_list":["post-1606","page","type-page","status-publish","hentry"],"_links":{"self":[{"href":"https:\/\/ofpc-cpao.ca\/fr\/wp-json\/wp\/v2\/pages\/1606","targetHints":{"allow":["GET"]}}],"collection":[{"href":"https:\/\/ofpc-cpao.ca\/fr\/wp-json\/wp\/v2\/pages"}],"about":[{"href":"https:\/\/ofpc-cpao.ca\/fr\/wp-json\/wp\/v2\/types\/page"}],"author":[{"embeddable":true,"href":"https:\/\/ofpc-cpao.ca\/fr\/wp-json\/wp\/v2\/users\/1"}],"replies":[{"embeddable":true,"href":"https:\/\/ofpc-cpao.ca\/fr\/wp-json\/wp\/v2\/comments?post=1606"}],"version-history":[{"count":1,"href":"https:\/\/ofpc-cpao.ca\/fr\/wp-json\/wp\/v2\/pages\/1606\/revisions"}],"predecessor-version":[{"id":1607,"href":"https:\/\/ofpc-cpao.ca\/fr\/wp-json\/wp\/v2\/pages\/1606\/revisions\/1607"}],"up":[{"embeddable":true,"href":"https:\/\/ofpc-cpao.ca\/fr\/wp-json\/wp\/v2\/pages\/1604"}],"wp:attachment":[{"href":"https:\/\/ofpc-cpao.ca\/fr\/wp-json\/wp\/v2\/media?parent=1606"}],"curies":[{"name":"wp","href":"https:\/\/api.w.org\/{rel}","templated":true}]}}