{"id":1604,"date":"2022-04-25T17:16:47","date_gmt":"2022-04-25T21:16:47","guid":{"rendered":"https:\/\/ofpc-cpao.ca\/actions\/elections-federales\/"},"modified":"2026-04-16T15:25:34","modified_gmt":"2026-04-16T19:25:34","slug":"elections-federales","status":"publish","type":"page","link":"https:\/\/ofpc-cpao.ca\/fr\/actions\/elections-federales\/","title":{"rendered":"\u00c9lections f\u00e9d\u00e9rales"},"content":{"rendered":"\n<h1 class=\"wp-block-heading\">\u00c9lections f\u00e9d\u00e9rales<\/h1>\n\n<ul class=\"wp-block-list\"><li>2015<\/li><li><a href=\"https:\/\/ofpc-cpao.ca\/actions-2\/federal-elections\/2019-federal-election\/\" data-type=\"page\" data-id=\"927\">2019<\/a><\/li><li><a href=\"https:\/\/ofpc-cpao.ca\/actions-2\/federal-elections\/2021-federal-election\/\" data-type=\"page\" data-id=\"929\">2021<\/a><\/li><\/ul>\n","protected":false},"excerpt":{"rendered":"<p>\u00c9lections f\u00e9d\u00e9rales 2015 2019 2021<\/p>\n","protected":false},"author":1,"featured_media":0,"parent":1598,"menu_order":0,"comment_status":"closed","ping_status":"closed","template":"","meta":{"footnotes":""},"class_list":["post-1604","page","type-page","status-publish","hentry"],"_links":{"self":[{"href":"https:\/\/ofpc-cpao.ca\/fr\/wp-json\/wp\/v2\/pages\/1604","targetHints":{"allow":["GET"]}}],"collection":[{"href":"https:\/\/ofpc-cpao.ca\/fr\/wp-json\/wp\/v2\/pages"}],"about":[{"href":"https:\/\/ofpc-cpao.ca\/fr\/wp-json\/wp\/v2\/types\/page"}],"author":[{"embeddable":true,"href":"https:\/\/ofpc-cpao.ca\/fr\/wp-json\/wp\/v2\/users\/1"}],"replies":[{"embeddable":true,"href":"https:\/\/ofpc-cpao.ca\/fr\/wp-json\/wp\/v2\/comments?post=1604"}],"version-history":[{"count":1,"href":"https:\/\/ofpc-cpao.ca\/fr\/wp-json\/wp\/v2\/pages\/1604\/revisions"}],"predecessor-version":[{"id":1605,"href":"https:\/\/ofpc-cpao.ca\/fr\/wp-json\/wp\/v2\/pages\/1604\/revisions\/1605"}],"up":[{"embeddable":true,"href":"https:\/\/ofpc-cpao.ca\/fr\/wp-json\/wp\/v2\/pages\/1598"}],"wp:attachment":[{"href":"https:\/\/ofpc-cpao.ca\/fr\/wp-json\/wp\/v2\/media?parent=1604"}],"curies":[{"name":"wp","href":"https:\/\/api.w.org\/{rel}","templated":true}]}}