{"id":1602,"date":"2022-04-25T17:07:50","date_gmt":"2022-04-25T21:07:50","guid":{"rendered":"https:\/\/ofpc-cpao.ca\/actions\/projet-de-loi-216-loi-de-2020-sur-la-litteratie-alimentaire-des-eleves\/"},"modified":"2026-04-16T15:24:29","modified_gmt":"2026-04-16T19:24:29","slug":"projet-de-loi-216-loi-de-2020-sur-la-litteratie-alimentaire-des-eleves","status":"publish","type":"page","link":"https:\/\/ofpc-cpao.ca\/fr\/actions\/projet-de-loi-216-loi-de-2020-sur-la-litteratie-alimentaire-des-eleves\/","title":{"rendered":"Projet de loi 216 &#8211; Loi de 2020 sur la litt\u00e9ratie alimentaire des \u00e9l\u00e8ves"},"content":{"rendered":"\n<h1 class=\"wp-block-heading\">Projet de loi 216 &#8211; Loi de 2020 sur la litt\u00e9ratie alimentaire des \u00e9l\u00e8ves<\/h1>\n\n<p>Le CPAO a particip\u00e9 \u00e0 la promotion d&rsquo;une plus grande culture alimentaire. Nos efforts se sont ajout\u00e9s \u00e0 ceux de Sustain Ontario et ont \u00e9t\u00e9 soutenus par 35 autres organisations.  <\/p>\n\n<p>Voir ici pour plus d&rsquo;informations :<\/p>\n\n<p><a href=\"https:\/\/sustainontario.com\/2021\/06\/29\/final-policy-brief-to-inform-bill-216-food-literacy-for-students-act\/\" target=\"_blank\" rel=\"noopener noreferrer nofollow\">Note d&rsquo;information finale sur le projet de loi 216<\/a><\/p>\n","protected":false},"excerpt":{"rendered":"<p>Projet de loi 216 &#8211; Loi de 2020 sur la litt\u00e9ratie alimentaire des \u00e9l\u00e8ves Le CPAO a particip\u00e9 \u00e0 la promotion d&rsquo;une plus grande culture alimentaire. Nos efforts se sont ajout\u00e9s \u00e0 ceux de Sustain Ontario et ont \u00e9t\u00e9 soutenus par 35 autres organisations. Voir ici pour plus d&rsquo;informations : Note d&rsquo;information finale sur le [&hellip;]<\/p>\n","protected":false},"author":1,"featured_media":0,"parent":1598,"menu_order":0,"comment_status":"closed","ping_status":"closed","template":"","meta":{"footnotes":""},"class_list":["post-1602","page","type-page","status-publish","hentry"],"_links":{"self":[{"href":"https:\/\/ofpc-cpao.ca\/fr\/wp-json\/wp\/v2\/pages\/1602","targetHints":{"allow":["GET"]}}],"collection":[{"href":"https:\/\/ofpc-cpao.ca\/fr\/wp-json\/wp\/v2\/pages"}],"about":[{"href":"https:\/\/ofpc-cpao.ca\/fr\/wp-json\/wp\/v2\/types\/page"}],"author":[{"embeddable":true,"href":"https:\/\/ofpc-cpao.ca\/fr\/wp-json\/wp\/v2\/users\/1"}],"replies":[{"embeddable":true,"href":"https:\/\/ofpc-cpao.ca\/fr\/wp-json\/wp\/v2\/comments?post=1602"}],"version-history":[{"count":1,"href":"https:\/\/ofpc-cpao.ca\/fr\/wp-json\/wp\/v2\/pages\/1602\/revisions"}],"predecessor-version":[{"id":1603,"href":"https:\/\/ofpc-cpao.ca\/fr\/wp-json\/wp\/v2\/pages\/1602\/revisions\/1603"}],"up":[{"embeddable":true,"href":"https:\/\/ofpc-cpao.ca\/fr\/wp-json\/wp\/v2\/pages\/1598"}],"wp:attachment":[{"href":"https:\/\/ofpc-cpao.ca\/fr\/wp-json\/wp\/v2\/media?parent=1602"}],"curies":[{"name":"wp","href":"https:\/\/api.w.org\/{rel}","templated":true}]}}