{"id":1586,"date":"2022-06-01T19:30:56","date_gmt":"2022-06-01T23:30:56","guid":{"rendered":"https:\/\/ofpc-cpao.ca\/un-systeme-alimentaire-juste-durable-et-resilient-pour-lontario-est-a-lordre-du-jour-de-ces-elections-provinciales\/"},"modified":"2025-12-05T21:39:20","modified_gmt":"2025-12-06T02:39:20","slug":"un-systeme-alimentaire-juste-durable-et-resilient-pour-lontario-est-a-lordre-du-jour-de-ces-elections-provinciales","status":"publish","type":"page","link":"https:\/\/ofpc-cpao.ca\/fr\/un-systeme-alimentaire-juste-durable-et-resilient-pour-lontario-est-a-lordre-du-jour-de-ces-elections-provinciales\/","title":{"rendered":"UN SYST\u00c8ME ALIMENTAIRE JUSTE, DURABLE ET R\u00c9SILIENT POUR L&rsquo;ONTARIO EST \u00c0 L&rsquo;ORDRE DU JOUR DE CES \u00c9LECTIONS PROVINCIALES."},"content":{"rendered":"\n<h1 class=\"wp-block-heading\"><strong>UN SYST\u00c8ME ALIMENTAIRE JUSTE, DURABLE ET R\u00c9SILIENT POUR L&rsquo;ONTARIO EST \u00c0 L&rsquo;ORDRE DU JOUR DE CES \u00c9LECTIONS PROVINCIALES.  <\/strong><\/h1>\n\n<p><strong>NOUS DEVONS SAVOIR CE QUE PENSENT NOS CANDIDATS.<\/strong><\/p>\n\n<p>Les enjeux de ces premi\u00e8res \u00e9lections provinciales post-COVID sont consid\u00e9rables. L&rsquo;un des effets les plus frappants de la pand\u00e9mie a \u00e9t\u00e9 la rapidit\u00e9 et la gravit\u00e9 avec lesquelles elle a mis en lumi\u00e8re le probl\u00e8me de l&rsquo;ins\u00e9curit\u00e9 alimentaire en Ontario, y compris les questions difficiles concernant la cha\u00eene d&rsquo;approvisionnement alimentaire et le nombre d&rsquo;Ontariens incapables de se procurer de la nourriture et de payer leur loyer. Ces derni\u00e8res ann\u00e9es, le gouvernement f\u00e9d\u00e9ral a progress\u00e9 sur de nombreuses questions relatives au syst\u00e8me alimentaire et, au niveau international, les Nations unies mettent de plus en plus l&rsquo;accent sur les liens entre nos syst\u00e8mes alimentaires non durables et le changement climatique. Il existe de nombreuses possibilit\u00e9s de mettre en place de nouvelles lois, politiques et structures pour am\u00e9liorer nos syst\u00e8mes alimentaires. Par exemple, la lutte contre le gaspillage alimentaire (plus de 60 % des aliments en Ontario sont perdus ou gaspill\u00e9s) permettrait non seulement de pr\u00e9server l&rsquo;eau, le sol et la main-d&rsquo;\u0153uvre gaspill\u00e9s, mais aussi d&rsquo;\u00e9viter les tonnes de m\u00e9thane nuisibles au climat qui r\u00e9sultent du pourrissement des aliments dans les d\u00e9charges.  <\/p>\n\n<p>Comment les \u00e9lecteurs d\u00e9sireux de nous faire progresser vers un syst\u00e8me alimentaire r\u00e9silient, juste et durable peuvent-ils conna\u00eetre la position de nos candidats sur ces questions ?<\/p>\n\n<p>Les r\u00e9ponses sont issues de l&rsquo;enqu\u00eate Vote On Food and Farming organis\u00e9e par <a href=\"http:\/\/www.sustainontario.com\/\" target=\"_blank\" rel=\"noreferrer noopener\">Sustain Ontario<\/a> et diffus\u00e9e, entre autres, par les nombreux Conseils des politiques alimentaires travaillant en Ontario, dont le <a href=\"https:\/\/ofpc-cpao.ca\/fr\/\" target=\"_blank\" rel=\"noreferrer noopener\">Conseil des politiques alimentaires d&rsquo;Ottawa<\/a>, bas\u00e9 sur le b\u00e9n\u00e9volat. L&rsquo;enqu\u00eate demande aux candidats de r\u00e9pondre \u00e0 12 questions qui r\u00e9v\u00e8lent comment ils ont l&rsquo;intention de d\u00e9montrer leur engagement en faveur d&rsquo;une bonne alimentation pour tous en tant que membres du Parlement provincial. La bonne alimentation est \u00ab\u00a0fra\u00eeche, accessible, abordable, culturellement pertinente, peu transform\u00e9e, aussi locale que possible, cultiv\u00e9e de mani\u00e8re \u00e9cologique et produite\/transform\u00e9e\/distribu\u00e9e de mani\u00e8re \u00e0 soutenir des moyens de subsistance justes et durables\u00a0\u00bb.  <\/p>\n\n<p>Les r\u00e9sultats sont mis en ligne pour consultation par les \u00e9lecteurs : <a href=\"http:\/\/ofpc-cpao.ca\/voteonfood\" target=\"_blank\" rel=\"noreferrer noopener\">ofpc-cpao.ca\/voteonfood<\/a><\/p>\n\n<p>Ces 12 questions couvrent une vari\u00e9t\u00e9 de sujets qui sont essentiels pour nous en tant que r\u00e9sidents au quotidien. Les d\u00e9put\u00e9s provinciaux travaillent directement sur tous les aspects du syst\u00e8me alimentaire, dans une optique d&rsquo;\u00e9quit\u00e9. En termes de droit et de politique, il s&rsquo;agit de pr\u00e9server les terres agricoles de l&rsquo;Ontario et de les prot\u00e9ger de l&rsquo;\u00e9talement urbain, de la sp\u00e9culation et de la marchandisation ; de former les nouveaux agriculteurs et de leur assurer un acc\u00e8s \u00e0 long terme aux terres agricoles ; et d&rsquo;encourager et de soutenir les pratiques de production alimentaire durable (y compris les jardins communautaires sur les terres publiques ! Il offre aux candidats la possibilit\u00e9 de montrer comment, en tant qu&rsquo;acteurs gouvernementaux, ils peuvent joindre le geste \u00e0 la parole en encourageant le secteur public \u00e0 acheter des produits alimentaires et agricoles locaux. En ce qui concerne l&rsquo;\u00e9ducation, il s&rsquo;enquiert des positions sur les programmes d&rsquo;alimentation saine \u00e0 l&rsquo;\u00e9cole et sur l&rsquo;\u00e9ducation \u00e0 l&rsquo;alimentation dans les classes de la maternelle \u00e0 la 12e ann\u00e9e. Sur la question br\u00fblante de l&rsquo;ins\u00e9curit\u00e9 alimentaire, \u00e9valuer si les taux d&rsquo;assistance sociale incluent le co\u00fbt d&rsquo;un panier alimentaire nutritif dans toutes les r\u00e9gions. Il aborde le lien entre l&rsquo;alimentation et la lutte contre les probl\u00e8mes de sant\u00e9 humaine, tels que la crise croissante de l&rsquo;ob\u00e9sit\u00e9 et les liens avec la sant\u00e9 qui en d\u00e9coulent. Il aborde \u00e9galement les changements institutionnels tels que la cr\u00e9ation d&rsquo;un conseil provincial de la politique alimentaire (pour faire le lien avec le <a href=\"https:\/\/agriculture.canada.ca\/en\/about-our-department\/key-departmental-initiatives\/food-policy\/canadian-food-policy-advisory-council\" target=\"_blank\" rel=\"noreferrer noopener\">conseil consultatif f\u00e9d\u00e9ral de la politique alimentaire<\/a> r\u00e9cemment cr\u00e9\u00e9, et les conseils municipaux de la politique alimentaire).  <\/p>\n\n<p>Un syst\u00e8me alimentaire r\u00e9silient, juste et durable apporterait d&rsquo;\u00e9normes avantages sanitaires, \u00e9conomiques, sociaux et environnementaux \u00e0 tous les Ontariens. Il permettrait d&rsquo;accro\u00eetre la s\u00e9curit\u00e9 alimentaire, de r\u00e9aliser la justice alimentaire, de pr\u00e9server les sols, d&rsquo;am\u00e9liorer les r\u00e9alit\u00e9s \u00e9conomiques et sociales des agriculteurs, de lutter contre le changement climatique et de r\u00e9duire les co\u00fbts des soins de sant\u00e9. Si vous voulez que votre vote contribue \u00e0 faire progresser l&rsquo;Ontario vers un meilleur syst\u00e8me alimentaire pour tous, cette information est cruciale. Si vous ne voyez pas encore de r\u00e9ponses pour le candidat pour lequel vous voulez voter, faites-lui savoir que cette information est essentielle pour vous.<\/p>\n\n<p>Heather McLeod-Kilmurray<\/p>\n\n<p>Heather est professeur de droit \u00e0 l&rsquo;Universit\u00e9 d&rsquo;Ottawa et membre du Conseil des politiques alimentaires d&rsquo;Ottawa.<\/p>\n","protected":false},"excerpt":{"rendered":"<p>UN SYST\u00c8ME ALIMENTAIRE JUSTE, DURABLE ET R\u00c9SILIENT POUR L&rsquo;ONTARIO EST \u00c0 L&rsquo;ORDRE DU JOUR DE CES \u00c9LECTIONS PROVINCIALES. NOUS DEVONS SAVOIR CE QUE PENSENT NOS CANDIDATS. Les enjeux de ces premi\u00e8res \u00e9lections provinciales post-COVID sont consid\u00e9rables. L&rsquo;un des effets les plus frappants de la pand\u00e9mie a \u00e9t\u00e9 la rapidit\u00e9 et la gravit\u00e9 avec lesquelles elle [&hellip;]<\/p>\n","protected":false},"author":1,"featured_media":0,"parent":0,"menu_order":0,"comment_status":"closed","ping_status":"closed","template":"","meta":{"footnotes":""},"class_list":["post-1586","page","type-page","status-publish","hentry"],"_links":{"self":[{"href":"https:\/\/ofpc-cpao.ca\/fr\/wp-json\/wp\/v2\/pages\/1586","targetHints":{"allow":["GET"]}}],"collection":[{"href":"https:\/\/ofpc-cpao.ca\/fr\/wp-json\/wp\/v2\/pages"}],"about":[{"href":"https:\/\/ofpc-cpao.ca\/fr\/wp-json\/wp\/v2\/types\/page"}],"author":[{"embeddable":true,"href":"https:\/\/ofpc-cpao.ca\/fr\/wp-json\/wp\/v2\/users\/1"}],"replies":[{"embeddable":true,"href":"https:\/\/ofpc-cpao.ca\/fr\/wp-json\/wp\/v2\/comments?post=1586"}],"version-history":[{"count":1,"href":"https:\/\/ofpc-cpao.ca\/fr\/wp-json\/wp\/v2\/pages\/1586\/revisions"}],"predecessor-version":[{"id":1587,"href":"https:\/\/ofpc-cpao.ca\/fr\/wp-json\/wp\/v2\/pages\/1586\/revisions\/1587"}],"wp:attachment":[{"href":"https:\/\/ofpc-cpao.ca\/fr\/wp-json\/wp\/v2\/media?parent=1586"}],"curies":[{"name":"wp","href":"https:\/\/api.w.org\/{rel}","templated":true}]}}