{"id":1582,"date":"2025-04-11T12:05:03","date_gmt":"2025-04-11T16:05:03","guid":{"rendered":"https:\/\/ofpc-cpao.ca\/elections-federales-de-2025\/"},"modified":"2025-12-05T21:37:32","modified_gmt":"2025-12-06T02:37:32","slug":"elections-federales-de-2025","status":"publish","type":"page","link":"https:\/\/ofpc-cpao.ca\/fr\/elections-federales-de-2025\/","title":{"rendered":"\u00c9lections f\u00e9d\u00e9rales de 2025"},"content":{"rendered":"\t\t<div data-elementor-type=\"wp-page\" data-elementor-id=\"1582\" class=\"elementor elementor-1582 elementor-1452\" data-elementor-post-type=\"page\">\n\t\t\t\t<div class=\"elementor-element elementor-element-5c9ef626 e-flex e-con-boxed e-con e-parent\" data-id=\"5c9ef626\" data-element_type=\"container\" data-e-type=\"container\">\n\t\t\t\t\t<div class=\"e-con-inner\">\n\t\t\t\t<div class=\"elementor-element elementor-element-6669130 elementor-widget elementor-widget-text-editor\" data-id=\"6669130\" data-element_type=\"widget\" data-e-type=\"widget\" data-widget_type=\"text-editor.default\">\n\t\t\t\t\t\t\t\t\t<h1><strong>\u00c9lections f\u00e9d\u00e9rales de 2025<\/strong><\/h1>\t\t\t\t\t\t\t\t<\/div>\n\t\t\t\t<div class=\"elementor-element elementor-element-229cd5b elementor-widget-divider--view-line elementor-widget elementor-widget-divider\" data-id=\"229cd5b\" data-element_type=\"widget\" data-e-type=\"widget\" data-widget_type=\"divider.default\">\n\t\t\t\t\t\t\t<div class=\"elementor-divider\">\n\t\t\t<span class=\"elementor-divider-separator\">\n\t\t\t\t\t\t<\/span>\n\t\t<\/div>\n\t\t\t\t\t\t<\/div>\n\t\t\t\t<div class=\"elementor-element elementor-element-bc8c9fc elementor-widget elementor-widget-heading\" data-id=\"bc8c9fc\" data-element_type=\"widget\" data-e-type=\"widget\" data-widget_type=\"heading.default\">\n\t\t\t\t\t<h1 class=\"elementor-heading-title elementor-size-default\">Quels sont les engagements des candidats d'Ottawa en mati\u00e8re d'alimentation et d'agriculture ?<\/h1>\t\t\t\t<\/div>\n\t\t\t\t<div class=\"elementor-element elementor-element-d396392 elementor-align-justify elementor-widget elementor-widget-button\" data-id=\"d396392\" data-element_type=\"widget\" data-e-type=\"widget\" data-widget_type=\"button.default\">\n\t\t\t\t\t\t\t\t\t\t<a class=\"elementor-button elementor-button-link elementor-size-sm\" href=\"https:\/\/docs.google.com\/spreadsheets\/d\/e\/2PACX-1vQHRVHvci477iigKwx_lK_youbN4YwiJxv6iMQt9UcZXdKTdw1jnsT_CK8cnz4VGqksM603GbK6Xhq6\/pubhtml?gid=823123421&#038;single=true\" target=\"_blank\" rel=\"noopener noreferrer nofollow\">\n\t\t\t\t\t\t<span class=\"elementor-button-content-wrapper\">\n\t\t\t\t\t\t\t\t\t<span class=\"elementor-button-text\">Cliquez sur ce bouton pour en savoir plus<\/span>\n\t\t\t\t\t<\/span>\n\t\t\t\t\t<\/a>\n\t\t\t\t\t\t\t\t<\/div>\n\t\t\t\t<div class=\"elementor-element elementor-element-6a3ee40 elementor-widget elementor-widget-text-editor\" data-id=\"6a3ee40\" data-element_type=\"widget\" data-e-type=\"widget\" data-widget_type=\"text-editor.default\">\n\t\t\t\t\t\t\t\t\t<h2 style=\"text-align: center\"><span style=\"color: #000000\"><b>Nous continuerons \u00e0 publier toutes les r\u00e9ponses au fur et \u00e0 mesure qu&rsquo;elles nous parviennent. <\/b><\/span><b style=\"color: #000000\">re\u00e7ues.<\/b><\/h2>\n<h2><\/h2>\t\t\t\t\t\t\t\t<\/div>\n\t\t\t\t<div class=\"elementor-element elementor-element-3167c21 elementor-widget-divider--view-line elementor-widget elementor-widget-divider\" data-id=\"3167c21\" data-element_type=\"widget\" data-e-type=\"widget\" data-widget_type=\"divider.default\">\n\t\t\t\t\t\t\t<div class=\"elementor-divider\">\n\t\t\t<span class=\"elementor-divider-separator\">\n\t\t\t\t\t\t<\/span>\n\t\t<\/div>\n\t\t\t\t\t\t<\/div>\n\t\t\t\t\t<\/div>\n\t\t\t\t<\/div>\n\t\t<div class=\"elementor-element elementor-element-a30f548 e-flex e-con-boxed e-con e-parent\" data-id=\"a30f548\" data-element_type=\"container\" data-e-type=\"container\">\n\t\t\t\t\t<div class=\"e-con-inner\">\n\t\t\t\t<div class=\"elementor-element elementor-element-75b431a elementor-widget elementor-widget-text-editor\" data-id=\"75b431a\" data-element_type=\"widget\" data-e-type=\"widget\" data-widget_type=\"text-editor.default\">\n\t\t\t\t\t\t\t\t\t<div class=\"elementor-element elementor-element-15d1ccc3 e-flex e-con-boxed e-con e-parent e-lazyloaded\" data-id=\"15d1ccc3\" data-element_type=\"container\">\n<div class=\"e-con-inner\">\n<div class=\"elementor-element elementor-element-5b00b29 elementor-widget elementor-widget-heading\" data-id=\"5b00b29\" data-element_type=\"widget\" data-widget_type=\"heading.default\">\n<div class=\"elementor-widget-container\">\n<h2 class=\"elementor-heading-title elementor-size-default\" style=\"text-align: center\">N&rsquo;h\u00e9sitez pas \u00e0 diffuser largement ces r\u00e9sultats !<\/h2>\n<\/div>\n<\/div>\n<\/div>\n<\/div>\n<div class=\"elementor-element elementor-element-dc8dcdb e-flex e-con-boxed e-con e-parent e-lazyloaded\" data-id=\"dc8dcdb\" data-element_type=\"container\">\n<div class=\"e-con-inner\">\n<div class=\"elementor-element elementor-element-f826a1a e-con-full e-flex e-con e-child\" data-id=\"f826a1a\" data-element_type=\"container\">\n<div class=\"elementor-element elementor-element-b5cabfb elementor-widget elementor-widget-text-editor\" data-id=\"b5cabfb\" data-element_type=\"widget\" data-widget_type=\"text-editor.default\">\n<div class=\"elementor-widget-container\">\n<h3 style=\"text-align: center\">Une information rapide \u00e0 ajouter \u00e0 vos newsletters, m\u00e9dias sociaux, emails :<\/h3>\n<\/div>\n<\/div>\n<div class=\"elementor-element elementor-element-98408d0 elementor-widget elementor-widget-text-editor\" data-id=\"98408d0\" data-element_type=\"widget\" data-widget_type=\"text-editor.default\">\n<div class=\"elementor-widget-container\">\n<h3><span style=\"color: #ff9900\">Texte :<\/span><\/h3>\n<h4><strong>Vous voulez savoir ce que les candidats d&rsquo;Ottawa s&rsquo;engagent \u00e0 faire en mati\u00e8re d&rsquo;alimentation et d&rsquo;agriculture ?<\/strong><br><strong>Visitez le site<a href=\"https:\/\/ofpc-cpao.ca\/vote2025\"> CPAO-cpao.ca\/vote2025 <\/a>pour le d\u00e9couvrir ! <\/strong> <\/h4>\n<h3><span style=\"color: #ff9900\"><strong>Image :<\/strong><\/span><\/h3>\n<\/div>\n<\/div>\n<\/div>\n<\/div>\n<\/div>\t\t\t\t\t\t\t\t<\/div>\n\t\t\t\t\t<\/div>\n\t\t\t\t<\/div>\n\t\t<div class=\"elementor-element elementor-element-28ad624 e-flex e-con-boxed e-con e-parent\" data-id=\"28ad624\" data-element_type=\"container\" data-e-type=\"container\">\n\t\t\t\t\t<div class=\"e-con-inner\">\n\t\t\t\t<div class=\"elementor-element elementor-element-5ed5c89 elementor-widget elementor-widget-image\" data-id=\"5ed5c89\" data-element_type=\"widget\" data-e-type=\"widget\" data-widget_type=\"image.default\">\n\t\t\t\t\t\t\t\t\t\t\t\t\t\t\t<img fetchpriority=\"high\" decoding=\"async\" width=\"800\" height=\"1000\" src=\"https:\/\/ofpc-cpao.ca\/wp-content\/uploads\/2025\/04\/2025-elections-6-scaled-1-819x1024.png\" class=\"attachment-large size-large wp-image-1581\" alt=\"\" srcset=\"https:\/\/ofpc-cpao.ca\/wp-content\/uploads\/2025\/04\/2025-elections-6-scaled-1-819x1024.png 819w, https:\/\/ofpc-cpao.ca\/wp-content\/uploads\/2025\/04\/2025-elections-6-scaled-1-240x300.png 240w, https:\/\/ofpc-cpao.ca\/wp-content\/uploads\/2025\/04\/2025-elections-6-scaled-1-768x960.png 768w, https:\/\/ofpc-cpao.ca\/wp-content\/uploads\/2025\/04\/2025-elections-6-scaled-1-1229x1536.png 1229w, https:\/\/ofpc-cpao.ca\/wp-content\/uploads\/2025\/04\/2025-elections-6-scaled-1-1638x2048.png 1638w, https:\/\/ofpc-cpao.ca\/wp-content\/uploads\/2025\/04\/2025-elections-6-scaled-1.png 2048w\" sizes=\"(max-width: 800px) 100vw, 800px\" \/>\t\t\t\t\t\t\t\t\t\t\t\t\t\t\t<\/div>\n\t\t\t\t\t<\/div>\n\t\t\t\t<\/div>\n\t\t\t\t<\/div>\n\t\t","protected":false},"excerpt":{"rendered":"<p>\u00c9lections f\u00e9d\u00e9rales de 2025 Quels sont les engagements des candidats d&rsquo;Ottawa en mati\u00e8re d&rsquo;alimentation et d&rsquo;agriculture ? Cliquez sur ce bouton pour en savoir plus Nous continuerons \u00e0 publier toutes les r\u00e9ponses au fur et \u00e0 mesure qu&rsquo;elles nous parviennent. re\u00e7ues. N&rsquo;h\u00e9sitez pas \u00e0 diffuser largement ces r\u00e9sultats ! Une information rapide \u00e0 ajouter \u00e0 [&hellip;]<\/p>\n","protected":false},"author":1,"featured_media":0,"parent":0,"menu_order":0,"comment_status":"closed","ping_status":"closed","template":"","meta":{"footnotes":""},"class_list":["post-1582","page","type-page","status-publish","hentry"],"_links":{"self":[{"href":"https:\/\/ofpc-cpao.ca\/fr\/wp-json\/wp\/v2\/pages\/1582","targetHints":{"allow":["GET"]}}],"collection":[{"href":"https:\/\/ofpc-cpao.ca\/fr\/wp-json\/wp\/v2\/pages"}],"about":[{"href":"https:\/\/ofpc-cpao.ca\/fr\/wp-json\/wp\/v2\/types\/page"}],"author":[{"embeddable":true,"href":"https:\/\/ofpc-cpao.ca\/fr\/wp-json\/wp\/v2\/users\/1"}],"replies":[{"embeddable":true,"href":"https:\/\/ofpc-cpao.ca\/fr\/wp-json\/wp\/v2\/comments?post=1582"}],"version-history":[{"count":3,"href":"https:\/\/ofpc-cpao.ca\/fr\/wp-json\/wp\/v2\/pages\/1582\/revisions"}],"predecessor-version":[{"id":1585,"href":"https:\/\/ofpc-cpao.ca\/fr\/wp-json\/wp\/v2\/pages\/1582\/revisions\/1585"}],"wp:attachment":[{"href":"https:\/\/ofpc-cpao.ca\/fr\/wp-json\/wp\/v2\/media?parent=1582"}],"curies":[{"name":"wp","href":"https:\/\/api.w.org\/{rel}","templated":true}]}}