{"id":1577,"date":"2014-07-23T21:32:23","date_gmt":"2014-07-24T01:32:23","guid":{"rendered":"https:\/\/ofpc-cpao.ca\/1577-2\/"},"modified":"2026-04-16T16:29:31","modified_gmt":"2026-04-16T20:29:31","slug":"1577-2","status":"publish","type":"page","link":"https:\/\/ofpc-cpao.ca\/fr\/","title":{"rendered":"Accueil"},"content":{"rendered":"\t\t<div data-elementor-type=\"wp-page\" data-elementor-id=\"1577\" class=\"elementor elementor-1577 elementor-1472\" data-elementor-post-type=\"page\">\n\t\t\t\t<div class=\"elementor-element elementor-element-11bd3f6b e-flex e-con-boxed e-con e-parent\" data-id=\"11bd3f6b\" data-element_type=\"container\" data-e-type=\"container\">\n\t\t\t\t\t<div class=\"e-con-inner\">\n\t\t\t\t<div class=\"elementor-element elementor-element-45af494b elementor-widget elementor-widget-text-editor\" data-id=\"45af494b\" data-element_type=\"widget\" data-e-type=\"widget\" data-widget_type=\"text-editor.default\">\n\t\t\t\t\t\t\t\t\t<p>Le Conseil des politiques alimentaires d&rsquo;Ottawa est compos\u00e9 de b\u00e9n\u00e9voles de la r\u00e9gion d&rsquo;Algonquin\/Ottawa repr\u00e9sentant tous les aspects du syst\u00e8me alimentaire afin de permettre une discussion et une \u00e9laboration plus larges et plus coh\u00e9rentes des politiques relatives \u00e0 l&rsquo;alimentation dans la r\u00e9gion d&rsquo;Ottawa.<\/p>\n\n<h2 class=\"wp-block-heading\"><strong>Notre mission<\/strong><\/h2>\n\n<p>La mission du Conseil des politiques alimentaires d&rsquo;Ottawa (CPAO) est de travailler \u00e0 la mise en place d&rsquo;un syst\u00e8me alimentaire \u00e0 Ottawa qui mette l&rsquo;accent sur la viabilit\u00e9 sociale et \u00e9conomique, ainsi que sur la durabilit\u00e9 environnementale tout au long du cycle alimentaire, et dans lequel la nourriture est c\u00e9l\u00e9br\u00e9e et appr\u00e9ci\u00e9e.<\/p>\n\n<h2 class=\"wp-block-heading\"><strong>Nos valeurs<\/strong><\/h2>\n\n<ul class=\"wp-block-list\">\n<li>Nous accordons de l&rsquo;importance \u00e0 la justice sociale et \u00e0 l&rsquo;\u00e9quit\u00e9.<\/li>\n\n<li>Nous accordons de l&rsquo;importance \u00e0 la sant\u00e9 et au bien-\u00eatre.<\/li>\n\n<li>Nous accordons de l&rsquo;importance \u00e0 la durabilit\u00e9 sociale, \u00e9conomique et environnementale.<\/li>\n\n<li>Nous valorisons la diversit\u00e9 sociale et l&rsquo;inclusion.<\/li>\n\n<li>Nous accordons une grande importance \u00e0 l&rsquo;\u00e9ducation \u00e0 l&rsquo;alimentation et aux syst\u00e8mes alimentaires.<\/li>\n\n<li>Nous appr\u00e9cions la collaboration.<\/li>\n\n<li>Nous accordons de l&rsquo;importance \u00e0 une planification qui favorise la durabilit\u00e9 \u00e0 long terme et l&rsquo;acc\u00e8s facile \u00e0 la nourriture.<\/li>\n<\/ul>\n\n<p>Ces valeurs ont \u00e9t\u00e9 d\u00e9finies dans le document \u00ab <a href=\"http:\/\/ofpc-cpao.ca\/wp-content\/uploads\/2014\/07\/Food_for_All_Values.pdf\" target=\"_blank\" rel=\"noopener noreferrer nofollow\">Valeurs de l\u2019alimentation pour tous<\/a> \u00bb, \u00e9labor\u00e9 gr\u00e2ce \u00e0 des discussions et des consultations communautaires, puis affin\u00e9es par le comit\u00e9 de pilotage de l\u2019alimentation pour tous.<\/p>\n<hr class=\"wp-block-separator has-css-opacity is-style-dots\">\n<h2 class=\"wp-block-heading\"><strong>R\u00f4le et port\u00e9e<\/strong><\/h2>\n\n<ul class=\"wp-block-list\">\n<li>Analyser et contr\u00f4ler la politique en utilisant une lentille alimentaire \u00e0 l&rsquo;\u00e9chelle du syst\u00e8me qui prend en compte la r\u00e9alit\u00e9 rurale et urbaine de la r\u00e9gion d&rsquo;Ottawa.<\/li>\n\n<li>\u00c9laborer et proposer des politiques alimentaires fond\u00e9es sur des donn\u00e9es probantes pour la r\u00e9gion d&rsquo;Ottawa.<\/li>\n\n<li>Relier et synth\u00e9tiser les travaux de divers groupes, perspectives et secteurs.<\/li>\n\n<li>Permettre la participation du public, assurer la liaison avec les dirigeants communautaires et consulter les groupes concern\u00e9s dans le cadre du processus d&rsquo;\u00e9laboration des politiques.<\/li>\n\n<li>Identifier les questions essentielles pour la poursuite de la recherche, et faciliter et diffuser la recherche et les r\u00e9sultats en assurant la liaison avec les chercheurs et les r\u00e9seaux existants \u00e0 Ottawa.<\/li>\n\n<li>Coop\u00e9rer avec les organes d\u00e9cisionnels d&rsquo;Ottawa, notamment la Ville d&rsquo;Ottawa, le Conseil de sant\u00e9 d&rsquo;Ottawa, la Commission de la capitale nationale, les quatre conseils scolaires, les organismes communautaires, les entreprises et d&rsquo;autres, pour mettre en \u0153uvre des politiques alimentaires globales.<\/li>\n\n<li>D\u00e9fendre la politique alimentaire en sensibilisant le public par la communication avec les groupes communautaires et par des d\u00e9l\u00e9gations formelles aupr\u00e8s des organes de d\u00e9cision.<\/li>\n<\/ul>\n\n<div class=\"wp-block-media-text alignwide is-stacked-on-mobile\" style=\"grid-template-columns: 25% auto;\">\n<figure class=\"wp-block-media-text__media\"><img decoding=\"async\" width=\"225\" height=\"193\" class=\"wp-image-30 size-full\" src=\"http:\/\/ofpc-cpao.ca\/wp-content\/uploads\/2014\/07\/OFCP-2.png\" alt=\"OFPC logo\"><\/figure>\n<div class=\"wp-block-media-text__content\">\n<h4 class=\"wp-block-heading\">L&rsquo;OFPC est un organisme ind\u00e9pendant et non partisan, b\u00e9n\u00e9ficiant du soutien financier de Alimentation Juste.<\/h4>\n<\/div>\n<\/div>\n<hr class=\"wp-block-separator has-alpha-channel-opacity\">\n<p> <\/p>\n\n<h2 class=\"wp-block-heading has-text-align-center\">Vous souhaitez vous impliquer ? <strong>Devenez un connecteur alimentaire \u00e0 Ottawa<\/strong>!<\/h2>\n\n<p> <\/p>\n\n<h4 class=\"wp-block-heading\"><strong>Participez \u00e0 la transformation d&rsquo;Ottawa en une ville o\u00f9 l&rsquo;on mange bien :<\/strong><\/h4>\n\n<ul class=\"wp-block-list\">\n<li>Obtenez des informations sur les initiatives en mati\u00e8re d&rsquo;alimentation et apportez votre contribution.<\/li>\n\n<li>Donnez votre avis sur les projets locaux et les propositions gouvernementales qui affectent notre syst\u00e8me alimentaire, y compris ceux li\u00e9s \u00e0 l&#8217;emploi, \u00e0 la sant\u00e9, \u00e0 l&rsquo;\u00e9conomie, \u00e0 l&rsquo;\u00e9ducation, \u00e0 la culture, au climat, etc.<\/li>\n\n<li>Partagez l&rsquo;information avec votre quartier, votre \u00e9cole, votre lieu de travail ou votre groupe communautaire.<\/li>\n<\/ul>\n\n<h4 class=\"wp-block-heading\"><strong>\u00c0 quoi ressemble le r\u00f4le de connecteur alimentaire ?<\/strong><\/h4>\n\n<ul class=\"wp-block-list\">\n<li>Recevez des informations \u00e0 examiner et donnez votre avis, votre expertise, vos id\u00e9es lorsque vous en avez le temps.  <\/li>\n\n<li>Invit\u00e9 \u00e0 participer \u00e0 6-8 r\u00e9unions virtuelles par an<\/li>\n\n<li>Participez quand vous le pouvez<\/li>\n<\/ul>\n\n<h3 class=\"wp-block-heading has-text-align-center\"><strong><a href=\"https:\/\/docs.google.com\/forms\/d\/e\/1FAIpQLSfPS3AmRHv6IZv04qYRH6QU9BYv4H-KQZEVJmkos_KIp1Belw\/viewform?usp=sharing&amp;ouid=100700865501613207910\" target=\"_blank\" rel=\"noopener noreferrer nofollow\">Inscrivez-vous (gratuitement !)<\/a> et partagez avec d&rsquo;autres<\/strong><\/h3>\n\n<p><em>Ouvert \u00e0 toute personne \u00e2g\u00e9e de 26 ans et plus qui souhaite faire d&rsquo;Ottawa une ville o\u00f9 l&rsquo;on mange bien.  <\/em><\/p>\n\n<p>Vous avez entre 18 et 25 ans et vous \u00eates int\u00e9ress\u00e9(e) ?  <a href=\"http:\/\/justfood.ca\/foodfutures\" target=\"_blank\" rel=\"noopener noreferrer nofollow\">Consultez Food Futures !<\/a><\/p>\n\n<p> <\/p>\n\t\t\t\t\t\t\t\t<\/div>\n\t\t\t\t\t<\/div>\n\t\t\t\t<\/div>\n\t\t\t\t<\/div>\n\t\t","protected":false},"excerpt":{"rendered":"<p>Le Conseil des politiques alimentaires d&rsquo;Ottawa est compos\u00e9 de b\u00e9n\u00e9voles de la r\u00e9gion d&rsquo;Algonquin\/Ottawa repr\u00e9sentant tous les aspects du syst\u00e8me alimentaire afin de permettre une discussion et une \u00e9laboration plus larges et plus coh\u00e9rentes des politiques relatives \u00e0 l&rsquo;alimentation dans la r\u00e9gion d&rsquo;Ottawa. Notre mission La mission du Conseil des politiques alimentaires d&rsquo;Ottawa (CPAO) est [&hellip;]<\/p>\n","protected":false},"author":1,"featured_media":0,"parent":0,"menu_order":0,"comment_status":"closed","ping_status":"closed","template":"","meta":{"footnotes":""},"class_list":["post-1577","page","type-page","status-publish","hentry"],"_links":{"self":[{"href":"https:\/\/ofpc-cpao.ca\/fr\/wp-json\/wp\/v2\/pages\/1577","targetHints":{"allow":["GET"]}}],"collection":[{"href":"https:\/\/ofpc-cpao.ca\/fr\/wp-json\/wp\/v2\/pages"}],"about":[{"href":"https:\/\/ofpc-cpao.ca\/fr\/wp-json\/wp\/v2\/types\/page"}],"author":[{"embeddable":true,"href":"https:\/\/ofpc-cpao.ca\/fr\/wp-json\/wp\/v2\/users\/1"}],"replies":[{"embeddable":true,"href":"https:\/\/ofpc-cpao.ca\/fr\/wp-json\/wp\/v2\/comments?post=1577"}],"version-history":[{"count":4,"href":"https:\/\/ofpc-cpao.ca\/fr\/wp-json\/wp\/v2\/pages\/1577\/revisions"}],"predecessor-version":[{"id":1881,"href":"https:\/\/ofpc-cpao.ca\/fr\/wp-json\/wp\/v2\/pages\/1577\/revisions\/1881"}],"wp:attachment":[{"href":"https:\/\/ofpc-cpao.ca\/fr\/wp-json\/wp\/v2\/media?parent=1577"}],"curies":[{"name":"wp","href":"https:\/\/api.w.org\/{rel}","templated":true}]}}